{"id":1152,"date":"2023-01-02T11:44:45","date_gmt":"2023-01-02T11:44:45","guid":{"rendered":"https:\/\/futuragima.it\/renovations-a-venise\/"},"modified":"2023-02-03T08:25:01","modified_gmt":"2023-02-03T08:25:01","slug":"renovations-a-venise","status":"publish","type":"page","link":"https:\/\/futuragima.it\/fr\/renovations-a-venise\/","title":{"rendered":"R\u00e9novations \u00e0 Venise"},"content":{"rendered":"\t\t<div data-elementor-type=\"wp-page\" data-elementor-id=\"1152\" class=\"elementor elementor-1152 elementor-740\" data-elementor-post-type=\"page\">\n\t\t\t\t\t\t<section class=\"elementor-section elementor-top-section elementor-element elementor-element-e833888 elementor-section-boxed elementor-section-height-default elementor-section-height-default\" data-id=\"e833888\" data-element_type=\"section\">\n\t\t\t\t\t\t<div class=\"elementor-container elementor-column-gap-default\">\n\t\t\t\t\t<div class=\"elementor-column elementor-col-100 elementor-top-column elementor-element elementor-element-23b7f5b\" data-id=\"23b7f5b\" data-element_type=\"column\">\n\t\t\t<div class=\"elementor-widget-wrap elementor-element-populated\">\n\t\t\t\t\t\t<div class=\"elementor-element elementor-element-895f03d elementor-widget elementor-widget-text-editor\" data-id=\"895f03d\" data-element_type=\"widget\" data-widget_type=\"text-editor.default\">\n\t\t\t\t<div class=\"elementor-widget-container\">\n\t\t\t\t\t\t\t\t\t<p>Futura Gi.Ma, est la solution id\u00e9ale pour ceux qui recherchent un service de r\u00e9novation de qualit\u00e9 \u00e0 Venise.<\/p>\n<p>Nous sommes une entreprise hautement qualifi\u00e9e, sp\u00e9cialis\u00e9e dans la r\u00e9novation de propri\u00e9t\u00e9s r\u00e9sidentielles et commerciales.<\/p>\n<p>Nous offrons un service complet, de la conception \u00e0 la r\u00e9alisation finale, garantissant d&rsquo;excellents r\u00e9sultats et une satisfaction maximale du client.<\/p>\n<p>Nous sommes \u00e9galement en mesure d&rsquo;offrir des conseils personnalis\u00e9s et des solutions sur mesure pour chaque besoin.<\/p>\n<p>Si vous recherchez un partenaire fiable et comp\u00e9tent pour la r\u00e9novation de votre maison ou de votre entreprise \u00e0 Venise, n&rsquo;h\u00e9sitez pas \u00e0 nous contacter.<\/p>\n<p>Nous serons heureux de vous aider \u00e0 transformer vos r\u00eaves en r\u00e9alit\u00e9.<\/p>\n\t\t\t\t\t\t\t\t<\/div>\n\t\t\t\t<\/div>\n\t\t\t\t<div class=\"elementor-element elementor-element-814b3a3 elementor-align-center elementor-widget elementor-widget-button\" data-id=\"814b3a3\" data-element_type=\"widget\" data-widget_type=\"button.default\">\n\t\t\t\t<div class=\"elementor-widget-container\">\n\t\t\t\t\t\t\t\t\t<div class=\"elementor-button-wrapper\">\n\t\t\t\t\t<a class=\"elementor-button elementor-button-link elementor-size-sm\" href=\"https:\/\/futuragima.it\/contatti\/\">\n\t\t\t\t\t\t<span class=\"elementor-button-content-wrapper\">\n\t\t\t\t\t\t\t\t\t<span class=\"elementor-button-text\">CONTACTEZ-NOUS<\/span>\n\t\t\t\t\t<\/span>\n\t\t\t\t\t<\/a>\n\t\t\t\t<\/div>\n\t\t\t\t\t\t\t\t<\/div>\n\t\t\t\t<\/div>\n\t\t\t\t\t<\/div>\n\t\t<\/div>\n\t\t\t\t\t<\/div>\n\t\t<\/section>\n\t\t\t\t<\/div>\n\t\t","protected":false},"excerpt":{"rendered":"<p>Futura Gi.Ma, est la solution id\u00e9ale pour ceux qui recherchent un service de r\u00e9novation de qualit\u00e9 \u00e0 Venise. Nous sommes une entreprise hautement qualifi\u00e9e, sp\u00e9cialis\u00e9e dans la r\u00e9novation de propri\u00e9t\u00e9s r\u00e9sidentielles et commerciales. Nous offrons un service complet, de la conception \u00e0 la r\u00e9alisation finale, garantissant d&rsquo;excellents r\u00e9sultats et une satisfaction maximale du client. Nous [&hellip;]<\/p>\n","protected":false},"author":7266,"featured_media":0,"parent":0,"menu_order":0,"comment_status":"closed","ping_status":"closed","template":"elementor_theme","meta":{"footnotes":""},"yoast_head":"<!-- This site is optimized with the Yoast SEO plugin v20.7 - https:\/\/yoast.com\/wordpress\/plugins\/seo\/ -->\n<title>R\u00e9novations \u00e0 Venise - Futura Gima<\/title>\n<meta name=\"description\" content=\"Vous cherchez des r\u00e9novations \u00e0 Venise? Notre soci\u00e9t\u00e9 travaille depuis des ann\u00e9es \u00e0 Venise et sur les \u00eeles de Murano, Burano, visitez notre site web pour plus de d\u00e9tails.\" \/>\n<meta name=\"robots\" content=\"index, follow, max-snippet:-1, max-image-preview:large, max-video-preview:-1\" \/>\n<link rel=\"canonical\" href=\"https:\/\/futuragima.it\/fr\/renovations-a-venise\/\" \/>\n<meta property=\"og:locale\" content=\"fr_FR\" \/>\n<meta property=\"og:type\" content=\"article\" \/>\n<meta property=\"og:title\" content=\"R\u00e9novations \u00e0 Venise - Futura Gima\" \/>\n<meta property=\"og:description\" content=\"Vous cherchez des r\u00e9novations \u00e0 Venise? Notre soci\u00e9t\u00e9 travaille depuis des ann\u00e9es \u00e0 Venise et sur les \u00eeles de Murano, Burano, visitez notre site web pour plus de d\u00e9tails.\" \/>\n<meta property=\"og:url\" content=\"https:\/\/futuragima.it\/fr\/renovations-a-venise\/\" \/>\n<meta property=\"og:site_name\" content=\"Futura Gima\" \/>\n<meta property=\"article:modified_time\" content=\"2023-02-03T08:25:01+00:00\" \/>\n<meta name=\"twitter:card\" content=\"summary_large_image\" \/>\n<meta name=\"twitter:label1\" content=\"Dur\u00e9e de lecture estim\u00e9e\" \/>\n\t<meta name=\"twitter:data1\" content=\"1 minute\" \/>\n<script type=\"application\/ld+json\" class=\"yoast-schema-graph\">{\"@context\":\"https:\/\/schema.org\",\"@graph\":[{\"@type\":\"WebPage\",\"@id\":\"https:\/\/futuragima.it\/fr\/renovations-a-venise\/\",\"url\":\"https:\/\/futuragima.it\/fr\/renovations-a-venise\/\",\"name\":\"R\u00e9novations \u00e0 Venise - Futura Gima\",\"isPartOf\":{\"@id\":\"https:\/\/futuragima.it\/#website\"},\"datePublished\":\"2023-01-02T11:44:45+00:00\",\"dateModified\":\"2023-02-03T08:25:01+00:00\",\"description\":\"Vous cherchez des r\u00e9novations \u00e0 Venise? Notre soci\u00e9t\u00e9 travaille depuis des ann\u00e9es \u00e0 Venise et sur les \u00eeles de Murano, Burano, visitez notre site web pour plus de d\u00e9tails.\",\"breadcrumb\":{\"@id\":\"https:\/\/futuragima.it\/fr\/renovations-a-venise\/#breadcrumb\"},\"inLanguage\":\"fr-FR\",\"potentialAction\":[{\"@type\":\"ReadAction\",\"target\":[\"https:\/\/futuragima.it\/fr\/renovations-a-venise\/\"]}]},{\"@type\":\"BreadcrumbList\",\"@id\":\"https:\/\/futuragima.it\/fr\/renovations-a-venise\/#breadcrumb\",\"itemListElement\":[{\"@type\":\"ListItem\",\"position\":1,\"name\":\"Home\",\"item\":\"https:\/\/futuragima.it\/en\/\"},{\"@type\":\"ListItem\",\"position\":2,\"name\":\"R\u00e9novations \u00e0 Venise\"}]},{\"@type\":\"WebSite\",\"@id\":\"https:\/\/futuragima.it\/#website\",\"url\":\"https:\/\/futuragima.it\/\",\"name\":\"Futura Gima ristrutturazioni immobiliari Venezia e Isole\",\"description\":\"Restauri a Venezia e nelle isole\",\"publisher\":{\"@id\":\"https:\/\/futuragima.it\/#organization\"},\"alternateName\":\"Ristrutturazioni a Venezia\",\"potentialAction\":[{\"@type\":\"SearchAction\",\"target\":{\"@type\":\"EntryPoint\",\"urlTemplate\":\"https:\/\/futuragima.it\/?s={search_term_string}\"},\"query-input\":\"required name=search_term_string\"}],\"inLanguage\":\"fr-FR\"},{\"@type\":\"Organization\",\"@id\":\"https:\/\/futuragima.it\/#organization\",\"name\":\"Futura Gima Impresa Edile\",\"alternateName\":\"Ristrutturazioni a Venezia\",\"url\":\"https:\/\/futuragima.it\/\",\"logo\":{\"@type\":\"ImageObject\",\"inLanguage\":\"fr-FR\",\"@id\":\"https:\/\/futuragima.it\/#\/schema\/logo\/image\/\",\"url\":\"https:\/\/futuragima.it\/wp-content\/uploads\/2022\/11\/FUTURA-versione-scura-300-px-01-01.png\",\"contentUrl\":\"https:\/\/futuragima.it\/wp-content\/uploads\/2022\/11\/FUTURA-versione-scura-300-px-01-01.png\",\"width\":301,\"height\":95,\"caption\":\"Futura Gima Impresa Edile\"},\"image\":{\"@id\":\"https:\/\/futuragima.it\/#\/schema\/logo\/image\/\"}}]}<\/script>\n<!-- \/ Yoast SEO plugin. -->","yoast_head_json":{"title":"R\u00e9novations \u00e0 Venise - Futura Gima","description":"Vous cherchez des r\u00e9novations \u00e0 Venise? Notre soci\u00e9t\u00e9 travaille depuis des ann\u00e9es \u00e0 Venise et sur les \u00eeles de Murano, Burano, visitez notre site web pour plus de d\u00e9tails.","robots":{"index":"index","follow":"follow","max-snippet":"max-snippet:-1","max-image-preview":"max-image-preview:large","max-video-preview":"max-video-preview:-1"},"canonical":"https:\/\/futuragima.it\/fr\/renovations-a-venise\/","og_locale":"fr_FR","og_type":"article","og_title":"R\u00e9novations \u00e0 Venise - Futura Gima","og_description":"Vous cherchez des r\u00e9novations \u00e0 Venise? Notre soci\u00e9t\u00e9 travaille depuis des ann\u00e9es \u00e0 Venise et sur les \u00eeles de Murano, Burano, visitez notre site web pour plus de d\u00e9tails.","og_url":"https:\/\/futuragima.it\/fr\/renovations-a-venise\/","og_site_name":"Futura Gima","article_modified_time":"2023-02-03T08:25:01+00:00","twitter_card":"summary_large_image","twitter_misc":{"Dur\u00e9e de lecture estim\u00e9e":"1 minute"},"schema":{"@context":"https:\/\/schema.org","@graph":[{"@type":"WebPage","@id":"https:\/\/futuragima.it\/fr\/renovations-a-venise\/","url":"https:\/\/futuragima.it\/fr\/renovations-a-venise\/","name":"R\u00e9novations \u00e0 Venise - Futura Gima","isPartOf":{"@id":"https:\/\/futuragima.it\/#website"},"datePublished":"2023-01-02T11:44:45+00:00","dateModified":"2023-02-03T08:25:01+00:00","description":"Vous cherchez des r\u00e9novations \u00e0 Venise? Notre soci\u00e9t\u00e9 travaille depuis des ann\u00e9es \u00e0 Venise et sur les \u00eeles de Murano, Burano, visitez notre site web pour plus de d\u00e9tails.","breadcrumb":{"@id":"https:\/\/futuragima.it\/fr\/renovations-a-venise\/#breadcrumb"},"inLanguage":"fr-FR","potentialAction":[{"@type":"ReadAction","target":["https:\/\/futuragima.it\/fr\/renovations-a-venise\/"]}]},{"@type":"BreadcrumbList","@id":"https:\/\/futuragima.it\/fr\/renovations-a-venise\/#breadcrumb","itemListElement":[{"@type":"ListItem","position":1,"name":"Home","item":"https:\/\/futuragima.it\/en\/"},{"@type":"ListItem","position":2,"name":"R\u00e9novations \u00e0 Venise"}]},{"@type":"WebSite","@id":"https:\/\/futuragima.it\/#website","url":"https:\/\/futuragima.it\/","name":"Futura Gima ristrutturazioni immobiliari Venezia e Isole","description":"Restauri a Venezia e nelle isole","publisher":{"@id":"https:\/\/futuragima.it\/#organization"},"alternateName":"Ristrutturazioni a Venezia","potentialAction":[{"@type":"SearchAction","target":{"@type":"EntryPoint","urlTemplate":"https:\/\/futuragima.it\/?s={search_term_string}"},"query-input":"required name=search_term_string"}],"inLanguage":"fr-FR"},{"@type":"Organization","@id":"https:\/\/futuragima.it\/#organization","name":"Futura Gima Impresa Edile","alternateName":"Ristrutturazioni a Venezia","url":"https:\/\/futuragima.it\/","logo":{"@type":"ImageObject","inLanguage":"fr-FR","@id":"https:\/\/futuragima.it\/#\/schema\/logo\/image\/","url":"https:\/\/futuragima.it\/wp-content\/uploads\/2022\/11\/FUTURA-versione-scura-300-px-01-01.png","contentUrl":"https:\/\/futuragima.it\/wp-content\/uploads\/2022\/11\/FUTURA-versione-scura-300-px-01-01.png","width":301,"height":95,"caption":"Futura Gima Impresa Edile"},"image":{"@id":"https:\/\/futuragima.it\/#\/schema\/logo\/image\/"}}]}},"_links":{"self":[{"href":"https:\/\/futuragima.it\/fr\/wp-json\/wp\/v2\/pages\/1152"}],"collection":[{"href":"https:\/\/futuragima.it\/fr\/wp-json\/wp\/v2\/pages"}],"about":[{"href":"https:\/\/futuragima.it\/fr\/wp-json\/wp\/v2\/types\/page"}],"author":[{"embeddable":true,"href":"https:\/\/futuragima.it\/fr\/wp-json\/wp\/v2\/users\/7266"}],"replies":[{"embeddable":true,"href":"https:\/\/futuragima.it\/fr\/wp-json\/wp\/v2\/comments?post=1152"}],"version-history":[{"count":1,"href":"https:\/\/futuragima.it\/fr\/wp-json\/wp\/v2\/pages\/1152\/revisions"}],"predecessor-version":[{"id":1153,"href":"https:\/\/futuragima.it\/fr\/wp-json\/wp\/v2\/pages\/1152\/revisions\/1153"}],"wp:attachment":[{"href":"https:\/\/futuragima.it\/fr\/wp-json\/wp\/v2\/media?parent=1152"}],"curies":[{"name":"wp","href":"https:\/\/api.w.org\/{rel}","templated":true}]}}