{"id":1158,"date":"2023-01-24T10:40:11","date_gmt":"2023-01-24T10:40:11","guid":{"rendered":"https:\/\/futuragima.it\/renovation-dun-appartement-a-venise\/"},"modified":"2023-02-03T08:32:10","modified_gmt":"2023-02-03T08:32:10","slug":"renovation-dun-appartement-a-venise","status":"publish","type":"page","link":"https:\/\/futuragima.it\/fr\/renovation-dun-appartement-a-venise\/","title":{"rendered":"R\u00e9novation d&rsquo;un appartement \u00e0 Venise"},"content":{"rendered":"\t\t<div data-elementor-type=\"wp-page\" data-elementor-id=\"1158\" class=\"elementor elementor-1158 elementor-846\" data-elementor-post-type=\"page\">\n\t\t\t\t\t\t<section class=\"elementor-section elementor-top-section elementor-element elementor-element-e833888 elementor-section-boxed elementor-section-height-default elementor-section-height-default\" data-id=\"e833888\" data-element_type=\"section\">\n\t\t\t\t\t\t<div class=\"elementor-container elementor-column-gap-default\">\n\t\t\t\t\t<div class=\"elementor-column elementor-col-100 elementor-top-column elementor-element elementor-element-23b7f5b\" data-id=\"23b7f5b\" data-element_type=\"column\">\n\t\t\t<div class=\"elementor-widget-wrap elementor-element-populated\">\n\t\t\t\t\t\t<div class=\"elementor-element elementor-element-895f03d elementor-widget elementor-widget-text-editor\" data-id=\"895f03d\" data-element_type=\"widget\" data-widget_type=\"text-editor.default\">\n\t\t\t\t<div class=\"elementor-widget-container\">\n\t\t\t\t\t\t\t\t\t<p>Venise est une ville unique, riche en histoire, mais aussi tr\u00e8s complexe en termes de construction.<\/p>\n<p>La r\u00e9novation des appartements en ville exige une grande attention aux d\u00e9tails et la pr\u00e9servation du patrimoine culturel.<\/p>\n<p>Notre entreprise offre des services de r\u00e9novation d&rsquo;appartements \u00e0 Venise, en utilisant des technologies de pointe et des mat\u00e9riaux de haute qualit\u00e9 pour garantir la meilleure qualit\u00e9 de travail et la pr\u00e9servation de l&rsquo;esth\u00e9tique historique de la ville.<\/p>\n<p>Nous sommes fiers d&rsquo;offrir un excellent service et de contribuer \u00e0 la pr\u00e9servation du patrimoine v\u00e9nitien.<\/p>\n<p>Contactez-nous d\u00e8s aujourd&rsquo;hui pour savoir comment nous pouvons vous aider \u00e0 r\u00e9nover votre appartement de mani\u00e8re s\u00fbre et efficace, tout en pr\u00e9servant l&rsquo;esth\u00e9tique originale du b\u00e2timent.<\/p>\n\t\t\t\t\t\t\t\t<\/div>\n\t\t\t\t<\/div>\n\t\t\t\t<div class=\"elementor-element elementor-element-814b3a3 elementor-align-center elementor-widget elementor-widget-button\" data-id=\"814b3a3\" data-element_type=\"widget\" data-widget_type=\"button.default\">\n\t\t\t\t<div class=\"elementor-widget-container\">\n\t\t\t\t\t\t\t\t\t<div class=\"elementor-button-wrapper\">\n\t\t\t\t\t<a class=\"elementor-button elementor-button-link elementor-size-sm\" href=\"https:\/\/futuragima.it\/contatti\/\">\n\t\t\t\t\t\t<span class=\"elementor-button-content-wrapper\">\n\t\t\t\t\t\t\t\t\t<span class=\"elementor-button-text\">CONTACTEZ-NOUS<\/span>\n\t\t\t\t\t<\/span>\n\t\t\t\t\t<\/a>\n\t\t\t\t<\/div>\n\t\t\t\t\t\t\t\t<\/div>\n\t\t\t\t<\/div>\n\t\t\t\t\t<\/div>\n\t\t<\/div>\n\t\t\t\t\t<\/div>\n\t\t<\/section>\n\t\t\t\t<section class=\"elementor-section elementor-top-section elementor-element elementor-element-46f3128 elementor-section-boxed elementor-section-height-default elementor-section-height-default\" data-id=\"46f3128\" data-element_type=\"section\">\n\t\t\t\t\t\t<div class=\"elementor-container elementor-column-gap-default\">\n\t\t\t\t\t<div class=\"elementor-column elementor-col-100 elementor-top-column elementor-element elementor-element-b3f2517\" data-id=\"b3f2517\" data-element_type=\"column\">\n\t\t\t<div class=\"elementor-widget-wrap elementor-element-populated\">\n\t\t\t\t\t\t<div class=\"elementor-element elementor-element-5994313 elementor-widget elementor-widget-gallery\" data-id=\"5994313\" data-element_type=\"widget\" data-settings=\"{&quot;lazyload&quot;:&quot;yes&quot;,&quot;gallery_layout&quot;:&quot;grid&quot;,&quot;columns&quot;:4,&quot;columns_tablet&quot;:2,&quot;columns_mobile&quot;:1,&quot;gap&quot;:{&quot;unit&quot;:&quot;px&quot;,&quot;size&quot;:10,&quot;sizes&quot;:[]},&quot;gap_tablet&quot;:{&quot;unit&quot;:&quot;px&quot;,&quot;size&quot;:10,&quot;sizes&quot;:[]},&quot;gap_mobile&quot;:{&quot;unit&quot;:&quot;px&quot;,&quot;size&quot;:10,&quot;sizes&quot;:[]},&quot;link_to&quot;:&quot;file&quot;,&quot;aspect_ratio&quot;:&quot;3:2&quot;,&quot;overlay_background&quot;:&quot;yes&quot;,&quot;content_hover_animation&quot;:&quot;fade-in&quot;}\" data-widget_type=\"gallery.default\">\n\t\t\t\t<div class=\"elementor-widget-container\">\n\t\t\t\t\t\t\t<div class=\"elementor-gallery__container\">\n\t\t\t\t\t\t\t<a class=\"e-gallery-item elementor-gallery-item elementor-animated-content\" href=\"https:\/\/futuragima.it\/wp-content\/uploads\/2022\/12\/RISTRUTT-APPARTAMENTI-14.jpg\" data-elementor-open-lightbox=\"yes\" data-elementor-lightbox-slideshow=\"5994313\" data-elementor-lightbox-title=\"ristrutturazione appartamenti Venezia\" data-e-action-hash=\"#elementor-action%3Aaction%3Dlightbox%26settings%3DeyJpZCI6NDY4LCJ1cmwiOiJodHRwczpcL1wvZnV0dXJhZ2ltYS5pdFwvd3AtY29udGVudFwvdXBsb2Fkc1wvMjAyMlwvMTJcL1JJU1RSVVRULUFQUEFSVEFNRU5USS0xNC5qcGciLCJzbGlkZXNob3ciOiI1OTk0MzEzIn0%3D\">\n\t\t\t\t\t<div class=\"e-gallery-image elementor-gallery-item__image\" data-thumbnail=\"https:\/\/futuragima.it\/wp-content\/uploads\/2022\/12\/RISTRUTT-APPARTAMENTI-14-225x300.jpg\" data-width=\"225\" data-height=\"300\" aria-label=\"ristrutturazione appartamenti Venezia\" role=\"img\" ><\/div>\n\t\t\t\t\t\t\t\t\t\t\t<div class=\"elementor-gallery-item__overlay\"><\/div>\n\t\t\t\t\t\t\t\t\t\t\t\t\t\t<\/a>\n\t\t\t\t\t\t\t<a class=\"e-gallery-item elementor-gallery-item elementor-animated-content\" href=\"https:\/\/futuragima.it\/wp-content\/uploads\/2022\/12\/IMG_5628.jpg\" data-elementor-open-lightbox=\"yes\" data-elementor-lightbox-slideshow=\"5994313\" data-elementor-lightbox-title=\"Restauro trovi di legno Venezia\" data-e-action-hash=\"#elementor-action%3Aaction%3Dlightbox%26settings%3DeyJpZCI6NTE4LCJ1cmwiOiJodHRwczpcL1wvZnV0dXJhZ2ltYS5pdFwvd3AtY29udGVudFwvdXBsb2Fkc1wvMjAyMlwvMTJcL0lNR181NjI4LmpwZyIsInNsaWRlc2hvdyI6IjU5OTQzMTMifQ%3D%3D\">\n\t\t\t\t\t<div class=\"e-gallery-image elementor-gallery-item__image\" data-thumbnail=\"https:\/\/futuragima.it\/wp-content\/uploads\/2022\/12\/IMG_5628-300x200.jpg\" data-width=\"300\" data-height=\"200\" aria-label=\"Restauro trovi di legno Venezia\" role=\"img\" ><\/div>\n\t\t\t\t\t\t\t\t\t\t\t<div class=\"elementor-gallery-item__overlay\"><\/div>\n\t\t\t\t\t\t\t\t\t\t\t\t\t\t<\/a>\n\t\t\t\t\t\t\t<a class=\"e-gallery-item elementor-gallery-item elementor-animated-content\" href=\"https:\/\/futuragima.it\/wp-content\/uploads\/2022\/12\/IMG_0388.jpg\" data-elementor-open-lightbox=\"yes\" data-elementor-lightbox-slideshow=\"5994313\" data-elementor-lightbox-title=\"Restauro appartamento a Venezia\" data-e-action-hash=\"#elementor-action%3Aaction%3Dlightbox%26settings%3DeyJpZCI6NTEwLCJ1cmwiOiJodHRwczpcL1wvZnV0dXJhZ2ltYS5pdFwvd3AtY29udGVudFwvdXBsb2Fkc1wvMjAyMlwvMTJcL0lNR18wMzg4LmpwZyIsInNsaWRlc2hvdyI6IjU5OTQzMTMifQ%3D%3D\">\n\t\t\t\t\t<div class=\"e-gallery-image elementor-gallery-item__image\" data-thumbnail=\"https:\/\/futuragima.it\/wp-content\/uploads\/2022\/12\/IMG_0388-225x300.jpg\" data-width=\"225\" data-height=\"300\" aria-label=\"Restauro appartamento a Venezia\" role=\"img\" ><\/div>\n\t\t\t\t\t\t\t\t\t\t\t<div class=\"elementor-gallery-item__overlay\"><\/div>\n\t\t\t\t\t\t\t\t\t\t\t\t\t\t<\/a>\n\t\t\t\t\t\t\t<a class=\"e-gallery-item elementor-gallery-item elementor-animated-content\" href=\"https:\/\/futuragima.it\/wp-content\/uploads\/2022\/12\/RISTRUTT-APPARTAMENTI-9.jpg\" data-elementor-open-lightbox=\"yes\" data-elementor-lightbox-slideshow=\"5994313\" data-elementor-lightbox-title=\"pavimenti alla veneziana\" data-e-action-hash=\"#elementor-action%3Aaction%3Dlightbox%26settings%3DeyJpZCI6NDcwLCJ1cmwiOiJodHRwczpcL1wvZnV0dXJhZ2ltYS5pdFwvd3AtY29udGVudFwvdXBsb2Fkc1wvMjAyMlwvMTJcL1JJU1RSVVRULUFQUEFSVEFNRU5USS05LmpwZyIsInNsaWRlc2hvdyI6IjU5OTQzMTMifQ%3D%3D\">\n\t\t\t\t\t<div class=\"e-gallery-image elementor-gallery-item__image\" data-thumbnail=\"https:\/\/futuragima.it\/wp-content\/uploads\/2022\/12\/RISTRUTT-APPARTAMENTI-9-225x300.jpg\" data-width=\"225\" data-height=\"300\" aria-label=\"pavimenti alla veneziana\" role=\"img\" ><\/div>\n\t\t\t\t\t\t\t\t\t\t\t<div class=\"elementor-gallery-item__overlay\"><\/div>\n\t\t\t\t\t\t\t\t\t\t\t\t\t\t<\/a>\n\t\t\t\t\t\t\t<a class=\"e-gallery-item elementor-gallery-item elementor-animated-content\" href=\"https:\/\/futuragima.it\/wp-content\/uploads\/2022\/12\/RISTRUTT-APPARTAMENTI-2.jpg\" data-elementor-open-lightbox=\"yes\" data-elementor-lightbox-slideshow=\"5994313\" data-elementor-lightbox-title=\"Realizzazione bagni a Venezia\" data-e-action-hash=\"#elementor-action%3Aaction%3Dlightbox%26settings%3DeyJpZCI6NDU3LCJ1cmwiOiJodHRwczpcL1wvZnV0dXJhZ2ltYS5pdFwvd3AtY29udGVudFwvdXBsb2Fkc1wvMjAyMlwvMTJcL1JJU1RSVVRULUFQUEFSVEFNRU5USS0yLmpwZyIsInNsaWRlc2hvdyI6IjU5OTQzMTMifQ%3D%3D\">\n\t\t\t\t\t<div class=\"e-gallery-image elementor-gallery-item__image\" data-thumbnail=\"https:\/\/futuragima.it\/wp-content\/uploads\/2022\/12\/RISTRUTT-APPARTAMENTI-2-225x300.jpg\" data-width=\"225\" data-height=\"300\" aria-label=\"Realizzazione bagni a Venezia\" role=\"img\" ><\/div>\n\t\t\t\t\t\t\t\t\t\t\t<div class=\"elementor-gallery-item__overlay\"><\/div>\n\t\t\t\t\t\t\t\t\t\t\t\t\t\t<\/a>\n\t\t\t\t\t\t\t<a class=\"e-gallery-item elementor-gallery-item elementor-animated-content\" href=\"https:\/\/futuragima.it\/wp-content\/uploads\/2022\/12\/RISTRUTT-APPARTAMENTI-3.jpg\" data-elementor-open-lightbox=\"yes\" data-elementor-lightbox-slideshow=\"5994313\" data-elementor-lightbox-title=\"Realizzazione bagni a Venezia\" data-e-action-hash=\"#elementor-action%3Aaction%3Dlightbox%26settings%3DeyJpZCI6NDU5LCJ1cmwiOiJodHRwczpcL1wvZnV0dXJhZ2ltYS5pdFwvd3AtY29udGVudFwvdXBsb2Fkc1wvMjAyMlwvMTJcL1JJU1RSVVRULUFQUEFSVEFNRU5USS0zLmpwZyIsInNsaWRlc2hvdyI6IjU5OTQzMTMifQ%3D%3D\">\n\t\t\t\t\t<div class=\"e-gallery-image elementor-gallery-item__image\" data-thumbnail=\"https:\/\/futuragima.it\/wp-content\/uploads\/2022\/12\/RISTRUTT-APPARTAMENTI-3-225x300.jpg\" data-width=\"225\" data-height=\"300\" aria-label=\"Realizzazione bagni a Venezia\" role=\"img\" ><\/div>\n\t\t\t\t\t\t\t\t\t\t\t<div class=\"elementor-gallery-item__overlay\"><\/div>\n\t\t\t\t\t\t\t\t\t\t\t\t\t\t<\/a>\n\t\t\t\t\t\t\t<a class=\"e-gallery-item elementor-gallery-item elementor-animated-content\" href=\"https:\/\/futuragima.it\/wp-content\/uploads\/2022\/12\/RISTRUTT-APPARTAMENTI-7.jpg\" data-elementor-open-lightbox=\"yes\" data-elementor-lightbox-slideshow=\"5994313\" data-elementor-lightbox-title=\"ristrutturazione appartamenti Venezia\" data-e-action-hash=\"#elementor-action%3Aaction%3Dlightbox%26settings%3DeyJpZCI6NDYzLCJ1cmwiOiJodHRwczpcL1wvZnV0dXJhZ2ltYS5pdFwvd3AtY29udGVudFwvdXBsb2Fkc1wvMjAyMlwvMTJcL1JJU1RSVVRULUFQUEFSVEFNRU5USS03LmpwZyIsInNsaWRlc2hvdyI6IjU5OTQzMTMifQ%3D%3D\">\n\t\t\t\t\t<div class=\"e-gallery-image elementor-gallery-item__image\" data-thumbnail=\"https:\/\/futuragima.it\/wp-content\/uploads\/2022\/12\/RISTRUTT-APPARTAMENTI-7-300x225.jpg\" data-width=\"300\" data-height=\"225\" aria-label=\"ristrutturazione appartamenti Venezia\" role=\"img\" ><\/div>\n\t\t\t\t\t\t\t\t\t\t\t<div class=\"elementor-gallery-item__overlay\"><\/div>\n\t\t\t\t\t\t\t\t\t\t\t\t\t\t<\/a>\n\t\t\t\t\t\t\t<a class=\"e-gallery-item elementor-gallery-item elementor-animated-content\" href=\"https:\/\/futuragima.it\/wp-content\/uploads\/2022\/12\/IMG_0418.jpg\" data-elementor-open-lightbox=\"yes\" data-elementor-lightbox-slideshow=\"5994313\" data-elementor-lightbox-title=\"Restauro trovi di legno Venezia\" data-e-action-hash=\"#elementor-action%3Aaction%3Dlightbox%26settings%3DeyJpZCI6NTEyLCJ1cmwiOiJodHRwczpcL1wvZnV0dXJhZ2ltYS5pdFwvd3AtY29udGVudFwvdXBsb2Fkc1wvMjAyMlwvMTJcL0lNR18wNDE4LmpwZyIsInNsaWRlc2hvdyI6IjU5OTQzMTMifQ%3D%3D\">\n\t\t\t\t\t<div class=\"e-gallery-image elementor-gallery-item__image\" data-thumbnail=\"https:\/\/futuragima.it\/wp-content\/uploads\/2022\/12\/IMG_0418-225x300.jpg\" data-width=\"225\" data-height=\"300\" aria-label=\"Restauro trovi di legno Venezia\" role=\"img\" ><\/div>\n\t\t\t\t\t\t\t\t\t\t\t<div class=\"elementor-gallery-item__overlay\"><\/div>\n\t\t\t\t\t\t\t\t\t\t\t\t\t\t<\/a>\n\t\t\t\t\t<\/div>\n\t\t\t\t\t<\/div>\n\t\t\t\t<\/div>\n\t\t\t\t\t<\/div>\n\t\t<\/div>\n\t\t\t\t\t<\/div>\n\t\t<\/section>\n\t\t\t\t<\/div>\n\t\t","protected":false},"excerpt":{"rendered":"<p>Venise est une ville unique, riche en histoire, mais aussi tr\u00e8s complexe en termes de construction. La r\u00e9novation des appartements en ville exige une grande attention aux d\u00e9tails et la pr\u00e9servation du patrimoine culturel. Notre entreprise offre des services de r\u00e9novation d&rsquo;appartements \u00e0 Venise, en utilisant des technologies de pointe et des mat\u00e9riaux de haute [&hellip;]<\/p>\n","protected":false},"author":7268,"featured_media":0,"parent":0,"menu_order":0,"comment_status":"closed","ping_status":"closed","template":"elementor_theme","meta":{"footnotes":""},"yoast_head":"<!-- This site is optimized with the Yoast SEO plugin v20.7 - https:\/\/yoast.com\/wordpress\/plugins\/seo\/ -->\n<title>R\u00e9novation d&#039;un appartement \u00e0 Venise - Futura Gima<\/title>\n<meta name=\"description\" content=\"La r\u00e9novation d&#039;appartements dans la ville de Venise exige une grande attention aux d\u00e9tails et \u00e0 la pr\u00e9servation du patrimoine culturel.\" \/>\n<meta name=\"robots\" content=\"index, follow, max-snippet:-1, max-image-preview:large, max-video-preview:-1\" \/>\n<link rel=\"canonical\" href=\"https:\/\/futuragima.it\/fr\/renovation-dun-appartement-a-venise\/\" \/>\n<meta property=\"og:locale\" content=\"fr_FR\" \/>\n<meta property=\"og:type\" content=\"article\" \/>\n<meta property=\"og:title\" content=\"R\u00e9novation d&#039;un appartement \u00e0 Venise - Futura Gima\" \/>\n<meta property=\"og:description\" content=\"La r\u00e9novation d&#039;appartements dans la ville de Venise exige une grande attention aux d\u00e9tails et \u00e0 la pr\u00e9servation du patrimoine culturel.\" \/>\n<meta property=\"og:url\" content=\"https:\/\/futuragima.it\/fr\/renovation-dun-appartement-a-venise\/\" \/>\n<meta property=\"og:site_name\" content=\"Futura Gima\" \/>\n<meta property=\"article:modified_time\" content=\"2023-02-03T08:32:10+00:00\" \/>\n<meta name=\"twitter:card\" content=\"summary_large_image\" \/>\n<meta name=\"twitter:label1\" content=\"Dur\u00e9e de lecture estim\u00e9e\" \/>\n\t<meta name=\"twitter:data1\" content=\"1 minute\" \/>\n<script type=\"application\/ld+json\" class=\"yoast-schema-graph\">{\"@context\":\"https:\/\/schema.org\",\"@graph\":[{\"@type\":\"WebPage\",\"@id\":\"https:\/\/futuragima.it\/fr\/renovation-dun-appartement-a-venise\/\",\"url\":\"https:\/\/futuragima.it\/fr\/renovation-dun-appartement-a-venise\/\",\"name\":\"R\u00e9novation d'un appartement \u00e0 Venise - Futura Gima\",\"isPartOf\":{\"@id\":\"https:\/\/futuragima.it\/#website\"},\"datePublished\":\"2023-01-24T10:40:11+00:00\",\"dateModified\":\"2023-02-03T08:32:10+00:00\",\"description\":\"La r\u00e9novation d'appartements dans la ville de Venise exige une grande attention aux d\u00e9tails et \u00e0 la pr\u00e9servation du patrimoine culturel.\",\"breadcrumb\":{\"@id\":\"https:\/\/futuragima.it\/fr\/renovation-dun-appartement-a-venise\/#breadcrumb\"},\"inLanguage\":\"fr-FR\",\"potentialAction\":[{\"@type\":\"ReadAction\",\"target\":[\"https:\/\/futuragima.it\/fr\/renovation-dun-appartement-a-venise\/\"]}]},{\"@type\":\"BreadcrumbList\",\"@id\":\"https:\/\/futuragima.it\/fr\/renovation-dun-appartement-a-venise\/#breadcrumb\",\"itemListElement\":[{\"@type\":\"ListItem\",\"position\":1,\"name\":\"Home\",\"item\":\"https:\/\/futuragima.it\/en\/\"},{\"@type\":\"ListItem\",\"position\":2,\"name\":\"R\u00e9novation d&rsquo;un appartement \u00e0 Venise\"}]},{\"@type\":\"WebSite\",\"@id\":\"https:\/\/futuragima.it\/#website\",\"url\":\"https:\/\/futuragima.it\/\",\"name\":\"Futura Gima ristrutturazioni immobiliari Venezia e Isole\",\"description\":\"Restauri a Venezia e nelle isole\",\"publisher\":{\"@id\":\"https:\/\/futuragima.it\/#organization\"},\"alternateName\":\"Ristrutturazioni a Venezia\",\"potentialAction\":[{\"@type\":\"SearchAction\",\"target\":{\"@type\":\"EntryPoint\",\"urlTemplate\":\"https:\/\/futuragima.it\/?s={search_term_string}\"},\"query-input\":\"required name=search_term_string\"}],\"inLanguage\":\"fr-FR\"},{\"@type\":\"Organization\",\"@id\":\"https:\/\/futuragima.it\/#organization\",\"name\":\"Futura Gima Impresa Edile\",\"alternateName\":\"Ristrutturazioni a Venezia\",\"url\":\"https:\/\/futuragima.it\/\",\"logo\":{\"@type\":\"ImageObject\",\"inLanguage\":\"fr-FR\",\"@id\":\"https:\/\/futuragima.it\/#\/schema\/logo\/image\/\",\"url\":\"https:\/\/futuragima.it\/wp-content\/uploads\/2022\/11\/FUTURA-versione-scura-300-px-01-01.png\",\"contentUrl\":\"https:\/\/futuragima.it\/wp-content\/uploads\/2022\/11\/FUTURA-versione-scura-300-px-01-01.png\",\"width\":301,\"height\":95,\"caption\":\"Futura Gima Impresa Edile\"},\"image\":{\"@id\":\"https:\/\/futuragima.it\/#\/schema\/logo\/image\/\"}}]}<\/script>\n<!-- \/ Yoast SEO plugin. -->","yoast_head_json":{"title":"R\u00e9novation d'un appartement \u00e0 Venise - Futura Gima","description":"La r\u00e9novation d'appartements dans la ville de Venise exige une grande attention aux d\u00e9tails et \u00e0 la pr\u00e9servation du patrimoine culturel.","robots":{"index":"index","follow":"follow","max-snippet":"max-snippet:-1","max-image-preview":"max-image-preview:large","max-video-preview":"max-video-preview:-1"},"canonical":"https:\/\/futuragima.it\/fr\/renovation-dun-appartement-a-venise\/","og_locale":"fr_FR","og_type":"article","og_title":"R\u00e9novation d'un appartement \u00e0 Venise - Futura Gima","og_description":"La r\u00e9novation d'appartements dans la ville de Venise exige une grande attention aux d\u00e9tails et \u00e0 la pr\u00e9servation du patrimoine culturel.","og_url":"https:\/\/futuragima.it\/fr\/renovation-dun-appartement-a-venise\/","og_site_name":"Futura Gima","article_modified_time":"2023-02-03T08:32:10+00:00","twitter_card":"summary_large_image","twitter_misc":{"Dur\u00e9e de lecture estim\u00e9e":"1 minute"},"schema":{"@context":"https:\/\/schema.org","@graph":[{"@type":"WebPage","@id":"https:\/\/futuragima.it\/fr\/renovation-dun-appartement-a-venise\/","url":"https:\/\/futuragima.it\/fr\/renovation-dun-appartement-a-venise\/","name":"R\u00e9novation d'un appartement \u00e0 Venise - Futura Gima","isPartOf":{"@id":"https:\/\/futuragima.it\/#website"},"datePublished":"2023-01-24T10:40:11+00:00","dateModified":"2023-02-03T08:32:10+00:00","description":"La r\u00e9novation d'appartements dans la ville de Venise exige une grande attention aux d\u00e9tails et \u00e0 la pr\u00e9servation du patrimoine culturel.","breadcrumb":{"@id":"https:\/\/futuragima.it\/fr\/renovation-dun-appartement-a-venise\/#breadcrumb"},"inLanguage":"fr-FR","potentialAction":[{"@type":"ReadAction","target":["https:\/\/futuragima.it\/fr\/renovation-dun-appartement-a-venise\/"]}]},{"@type":"BreadcrumbList","@id":"https:\/\/futuragima.it\/fr\/renovation-dun-appartement-a-venise\/#breadcrumb","itemListElement":[{"@type":"ListItem","position":1,"name":"Home","item":"https:\/\/futuragima.it\/en\/"},{"@type":"ListItem","position":2,"name":"R\u00e9novation d&rsquo;un appartement \u00e0 Venise"}]},{"@type":"WebSite","@id":"https:\/\/futuragima.it\/#website","url":"https:\/\/futuragima.it\/","name":"Futura Gima ristrutturazioni immobiliari Venezia e Isole","description":"Restauri a Venezia e nelle isole","publisher":{"@id":"https:\/\/futuragima.it\/#organization"},"alternateName":"Ristrutturazioni a Venezia","potentialAction":[{"@type":"SearchAction","target":{"@type":"EntryPoint","urlTemplate":"https:\/\/futuragima.it\/?s={search_term_string}"},"query-input":"required name=search_term_string"}],"inLanguage":"fr-FR"},{"@type":"Organization","@id":"https:\/\/futuragima.it\/#organization","name":"Futura Gima Impresa Edile","alternateName":"Ristrutturazioni a Venezia","url":"https:\/\/futuragima.it\/","logo":{"@type":"ImageObject","inLanguage":"fr-FR","@id":"https:\/\/futuragima.it\/#\/schema\/logo\/image\/","url":"https:\/\/futuragima.it\/wp-content\/uploads\/2022\/11\/FUTURA-versione-scura-300-px-01-01.png","contentUrl":"https:\/\/futuragima.it\/wp-content\/uploads\/2022\/11\/FUTURA-versione-scura-300-px-01-01.png","width":301,"height":95,"caption":"Futura Gima Impresa Edile"},"image":{"@id":"https:\/\/futuragima.it\/#\/schema\/logo\/image\/"}}]}},"_links":{"self":[{"href":"https:\/\/futuragima.it\/fr\/wp-json\/wp\/v2\/pages\/1158"}],"collection":[{"href":"https:\/\/futuragima.it\/fr\/wp-json\/wp\/v2\/pages"}],"about":[{"href":"https:\/\/futuragima.it\/fr\/wp-json\/wp\/v2\/types\/page"}],"author":[{"embeddable":true,"href":"https:\/\/futuragima.it\/fr\/wp-json\/wp\/v2\/users\/7268"}],"replies":[{"embeddable":true,"href":"https:\/\/futuragima.it\/fr\/wp-json\/wp\/v2\/comments?post=1158"}],"version-history":[{"count":1,"href":"https:\/\/futuragima.it\/fr\/wp-json\/wp\/v2\/pages\/1158\/revisions"}],"predecessor-version":[{"id":1159,"href":"https:\/\/futuragima.it\/fr\/wp-json\/wp\/v2\/pages\/1158\/revisions\/1159"}],"wp:attachment":[{"href":"https:\/\/futuragima.it\/fr\/wp-json\/wp\/v2\/media?parent=1158"}],"curies":[{"name":"wp","href":"https:\/\/api.w.org\/{rel}","templated":true}]}}