{"id":1164,"date":"2023-01-24T10:32:35","date_gmt":"2023-01-24T10:32:35","guid":{"rendered":"https:\/\/futuragima.it\/creation-de-fosses-septiques-a-venise\/"},"modified":"2023-02-03T09:07:40","modified_gmt":"2023-02-03T09:07:40","slug":"creation-de-fosses-septiques-a-venise","status":"publish","type":"page","link":"https:\/\/futuragima.it\/fr\/creation-de-fosses-septiques-a-venise\/","title":{"rendered":"Cr\u00e9ation de fosses septiques \u00e0 Venise"},"content":{"rendered":"\t\t<div data-elementor-type=\"wp-page\" data-elementor-id=\"1164\" class=\"elementor elementor-1164 elementor-840\" data-elementor-post-type=\"page\">\n\t\t\t\t\t\t<section class=\"elementor-section elementor-top-section elementor-element elementor-element-e833888 elementor-section-boxed elementor-section-height-default elementor-section-height-default\" data-id=\"e833888\" data-element_type=\"section\">\n\t\t\t\t\t\t<div class=\"elementor-container elementor-column-gap-default\">\n\t\t\t\t\t<div class=\"elementor-column elementor-col-100 elementor-top-column elementor-element elementor-element-23b7f5b\" data-id=\"23b7f5b\" data-element_type=\"column\">\n\t\t\t<div class=\"elementor-widget-wrap elementor-element-populated\">\n\t\t\t\t\t\t<div class=\"elementor-element elementor-element-895f03d elementor-widget elementor-widget-text-editor\" data-id=\"895f03d\" data-element_type=\"widget\" data-widget_type=\"text-editor.default\">\n\t\t\t\t<div class=\"elementor-widget-container\">\n\t\t\t\t\t\t\t\t\t<p>Venise est une ville unique et fascinante, mais aussi tr\u00e8s sensible \u00e0 l&rsquo;environnement.<\/p>\n<p>Des fosses septiques ad\u00e9quates sont essentielles pour garantir que les d\u00e9chets m\u00e9nagers sont trait\u00e9s de mani\u00e8re s\u00fbre et respectueuse de l&rsquo;environnement.<\/p>\n<p>Notre entreprise offre des services de conception et de construction de fosses septiques \u00e0 Venise, en utilisant des technologies de pointe et des mat\u00e9riaux de haute qualit\u00e9 pour garantir une efficacit\u00e9 et une durabilit\u00e9 maximales.<\/p>\n<p>Nous sommes fiers d&rsquo;offrir un excellent service et de contribuer \u00e0 la pr\u00e9servation de l&rsquo;environnement v\u00e9nitien.<\/p>\n<p>Contactez-nous d\u00e8s aujourd&rsquo;hui pour plus d&rsquo;informations sur la fa\u00e7on dont nous pouvons vous aider \u00e0 obtenir la fosse septique parfaite pour votre maison ou votre entreprise \u00e0 Venise.<\/p>\n\t\t\t\t\t\t\t\t<\/div>\n\t\t\t\t<\/div>\n\t\t\t\t<div class=\"elementor-element elementor-element-814b3a3 elementor-align-center elementor-widget elementor-widget-button\" data-id=\"814b3a3\" data-element_type=\"widget\" data-widget_type=\"button.default\">\n\t\t\t\t<div class=\"elementor-widget-container\">\n\t\t\t\t\t\t\t\t\t<div class=\"elementor-button-wrapper\">\n\t\t\t\t\t<a class=\"elementor-button elementor-button-link elementor-size-sm\" href=\"https:\/\/futuragima.it\/contatti\/\">\n\t\t\t\t\t\t<span class=\"elementor-button-content-wrapper\">\n\t\t\t\t\t\t\t\t\t<span class=\"elementor-button-text\">CONTACTEZ-NOUS<\/span>\n\t\t\t\t\t<\/span>\n\t\t\t\t\t<\/a>\n\t\t\t\t<\/div>\n\t\t\t\t\t\t\t\t<\/div>\n\t\t\t\t<\/div>\n\t\t\t\t\t<\/div>\n\t\t<\/div>\n\t\t\t\t\t<\/div>\n\t\t<\/section>\n\t\t\t\t<section class=\"elementor-section elementor-top-section elementor-element elementor-element-99e2295 elementor-section-boxed elementor-section-height-default elementor-section-height-default\" data-id=\"99e2295\" data-element_type=\"section\">\n\t\t\t\t\t\t<div class=\"elementor-container elementor-column-gap-default\">\n\t\t\t\t\t<div class=\"elementor-column elementor-col-100 elementor-top-column elementor-element elementor-element-67752de\" data-id=\"67752de\" data-element_type=\"column\">\n\t\t\t<div class=\"elementor-widget-wrap elementor-element-populated\">\n\t\t\t\t\t\t<div class=\"elementor-element elementor-element-d231d57 elementor-widget elementor-widget-gallery\" data-id=\"d231d57\" data-element_type=\"widget\" data-settings=\"{&quot;lazyload&quot;:&quot;yes&quot;,&quot;gallery_layout&quot;:&quot;grid&quot;,&quot;columns&quot;:4,&quot;columns_tablet&quot;:2,&quot;columns_mobile&quot;:1,&quot;gap&quot;:{&quot;unit&quot;:&quot;px&quot;,&quot;size&quot;:10,&quot;sizes&quot;:[]},&quot;gap_tablet&quot;:{&quot;unit&quot;:&quot;px&quot;,&quot;size&quot;:10,&quot;sizes&quot;:[]},&quot;gap_mobile&quot;:{&quot;unit&quot;:&quot;px&quot;,&quot;size&quot;:10,&quot;sizes&quot;:[]},&quot;link_to&quot;:&quot;file&quot;,&quot;aspect_ratio&quot;:&quot;3:2&quot;,&quot;overlay_background&quot;:&quot;yes&quot;,&quot;content_hover_animation&quot;:&quot;fade-in&quot;}\" data-widget_type=\"gallery.default\">\n\t\t\t\t<div class=\"elementor-widget-container\">\n\t\t\t\t\t\t\t<div class=\"elementor-gallery__container\">\n\t\t\t\t\t\t\t<a class=\"e-gallery-item elementor-gallery-item elementor-animated-content\" href=\"https:\/\/futuragima.it\/wp-content\/uploads\/2022\/12\/FOSSE-SETTICHE-2-1.jpg\" data-elementor-open-lightbox=\"yes\" data-elementor-lightbox-slideshow=\"d231d57\" data-elementor-lightbox-title=\"fosse settiche a Venezia\" data-e-action-hash=\"#elementor-action%3Aaction%3Dlightbox%26settings%3DeyJpZCI6NDA1LCJ1cmwiOiJodHRwczpcL1wvZnV0dXJhZ2ltYS5pdFwvd3AtY29udGVudFwvdXBsb2Fkc1wvMjAyMlwvMTJcL0ZPU1NFLVNFVFRJQ0hFLTItMS5qcGciLCJzbGlkZXNob3ciOiJkMjMxZDU3In0%3D\">\n\t\t\t\t\t<div class=\"e-gallery-image elementor-gallery-item__image\" data-thumbnail=\"https:\/\/futuragima.it\/wp-content\/uploads\/2022\/12\/FOSSE-SETTICHE-2-1-225x300.jpg\" data-width=\"225\" data-height=\"300\" aria-label=\"fosse settiche a Venezia\" role=\"img\" ><\/div>\n\t\t\t\t\t\t\t\t\t\t\t<div class=\"elementor-gallery-item__overlay\"><\/div>\n\t\t\t\t\t\t\t\t\t\t\t\t\t\t<\/a>\n\t\t\t\t\t\t\t<a class=\"e-gallery-item elementor-gallery-item elementor-animated-content\" href=\"https:\/\/futuragima.it\/wp-content\/uploads\/2022\/12\/FOSSE-SETTICHE-5.jpg\" data-elementor-open-lightbox=\"yes\" data-elementor-lightbox-slideshow=\"d231d57\" data-elementor-lightbox-title=\"fosse settiche a Venezia\" data-e-action-hash=\"#elementor-action%3Aaction%3Dlightbox%26settings%3DeyJpZCI6NDAwLCJ1cmwiOiJodHRwczpcL1wvZnV0dXJhZ2ltYS5pdFwvd3AtY29udGVudFwvdXBsb2Fkc1wvMjAyMlwvMTJcL0ZPU1NFLVNFVFRJQ0hFLTUuanBnIiwic2xpZGVzaG93IjoiZDIzMWQ1NyJ9\">\n\t\t\t\t\t<div class=\"e-gallery-image elementor-gallery-item__image\" data-thumbnail=\"https:\/\/futuragima.it\/wp-content\/uploads\/2022\/12\/FOSSE-SETTICHE-5-225x300.jpg\" data-width=\"225\" data-height=\"300\" aria-label=\"realizzazione fosse settiche a Venezia\" role=\"img\" ><\/div>\n\t\t\t\t\t\t\t\t\t\t\t<div class=\"elementor-gallery-item__overlay\"><\/div>\n\t\t\t\t\t\t\t\t\t\t\t\t\t\t<\/a>\n\t\t\t\t\t\t\t<a class=\"e-gallery-item elementor-gallery-item elementor-animated-content\" href=\"https:\/\/futuragima.it\/wp-content\/uploads\/2022\/12\/FOSSE-SETTICHE-4.jpg\" data-elementor-open-lightbox=\"yes\" data-elementor-lightbox-slideshow=\"d231d57\" data-elementor-lightbox-title=\"realizzazione fosse settiche a Venezia\" data-e-action-hash=\"#elementor-action%3Aaction%3Dlightbox%26settings%3DeyJpZCI6Mzk4LCJ1cmwiOiJodHRwczpcL1wvZnV0dXJhZ2ltYS5pdFwvd3AtY29udGVudFwvdXBsb2Fkc1wvMjAyMlwvMTJcL0ZPU1NFLVNFVFRJQ0hFLTQuanBnIiwic2xpZGVzaG93IjoiZDIzMWQ1NyJ9\">\n\t\t\t\t\t<div class=\"e-gallery-image elementor-gallery-item__image\" data-thumbnail=\"https:\/\/futuragima.it\/wp-content\/uploads\/2022\/12\/FOSSE-SETTICHE-4-225x300.jpg\" data-width=\"225\" data-height=\"300\" aria-label=\"realizzazione fosse settiche a Venezia\" role=\"img\" ><\/div>\n\t\t\t\t\t\t\t\t\t\t\t<div class=\"elementor-gallery-item__overlay\"><\/div>\n\t\t\t\t\t\t\t\t\t\t\t\t\t\t<\/a>\n\t\t\t\t\t\t\t<a class=\"e-gallery-item elementor-gallery-item elementor-animated-content\" href=\"https:\/\/futuragima.it\/wp-content\/uploads\/2022\/12\/FOSSE-SETTICHE-3.jpg\" data-elementor-open-lightbox=\"yes\" data-elementor-lightbox-slideshow=\"d231d57\" data-elementor-lightbox-title=\"realizzazione fosse settiche a Venezia\" data-e-action-hash=\"#elementor-action%3Aaction%3Dlightbox%26settings%3DeyJpZCI6Mzk2LCJ1cmwiOiJodHRwczpcL1wvZnV0dXJhZ2ltYS5pdFwvd3AtY29udGVudFwvdXBsb2Fkc1wvMjAyMlwvMTJcL0ZPU1NFLVNFVFRJQ0hFLTMuanBnIiwic2xpZGVzaG93IjoiZDIzMWQ1NyJ9\">\n\t\t\t\t\t<div class=\"e-gallery-image elementor-gallery-item__image\" data-thumbnail=\"https:\/\/futuragima.it\/wp-content\/uploads\/2022\/12\/FOSSE-SETTICHE-3-225x300.jpg\" data-width=\"225\" data-height=\"300\" aria-label=\"realizzazione fosse settiche a Venezia\" role=\"img\" ><\/div>\n\t\t\t\t\t\t\t\t\t\t\t<div class=\"elementor-gallery-item__overlay\"><\/div>\n\t\t\t\t\t\t\t\t\t\t\t\t\t\t<\/a>\n\t\t\t\t\t<\/div>\n\t\t\t\t\t<\/div>\n\t\t\t\t<\/div>\n\t\t\t\t\t<\/div>\n\t\t<\/div>\n\t\t\t\t\t<\/div>\n\t\t<\/section>\n\t\t\t\t<\/div>\n\t\t","protected":false},"excerpt":{"rendered":"<p>Venise est une ville unique et fascinante, mais aussi tr\u00e8s sensible \u00e0 l&rsquo;environnement. Des fosses septiques ad\u00e9quates sont essentielles pour garantir que les d\u00e9chets m\u00e9nagers sont trait\u00e9s de mani\u00e8re s\u00fbre et respectueuse de l&rsquo;environnement. Notre entreprise offre des services de conception et de construction de fosses septiques \u00e0 Venise, en utilisant des technologies de pointe [&hellip;]<\/p>\n","protected":false},"author":7268,"featured_media":980,"parent":0,"menu_order":0,"comment_status":"closed","ping_status":"closed","template":"elementor_theme","meta":{"footnotes":""},"yoast_head":"<!-- This site is optimized with the Yoast SEO plugin v20.7 - https:\/\/yoast.com\/wordpress\/plugins\/seo\/ -->\n<title>Cr\u00e9ation de fosses septiques \u00e0 Venise - Futura Gima<\/title>\n<meta name=\"description\" content=\"Si vous cherchez une entreprise de construction qui r\u00e9alise des fosses septiques \u00e0 Venise, contactez-nous et nous vous donnerons des informations sur les co\u00fbts, les d\u00e9lais et les autorisations pour les r\u00e9aliser.\" \/>\n<meta name=\"robots\" content=\"index, follow, max-snippet:-1, max-image-preview:large, max-video-preview:-1\" \/>\n<link rel=\"canonical\" href=\"https:\/\/futuragima.it\/fr\/creation-de-fosses-septiques-a-venise\/\" \/>\n<meta property=\"og:locale\" content=\"fr_FR\" \/>\n<meta property=\"og:type\" content=\"article\" \/>\n<meta property=\"og:title\" content=\"Cr\u00e9ation de fosses septiques \u00e0 Venise - Futura Gima\" \/>\n<meta property=\"og:description\" content=\"Si vous cherchez une entreprise de construction qui r\u00e9alise des fosses septiques \u00e0 Venise, contactez-nous et nous vous donnerons des informations sur les co\u00fbts, les d\u00e9lais et les autorisations pour les r\u00e9aliser.\" \/>\n<meta property=\"og:url\" content=\"https:\/\/futuragima.it\/fr\/creation-de-fosses-septiques-a-venise\/\" \/>\n<meta property=\"og:site_name\" content=\"Futura Gima\" \/>\n<meta property=\"article:modified_time\" content=\"2023-02-03T09:07:40+00:00\" \/>\n<meta property=\"og:image\" content=\"https:\/\/futuragima.it\/wp-content\/uploads\/2022\/12\/5.jpg\" \/>\n\t<meta property=\"og:image:width\" content=\"1024\" \/>\n\t<meta property=\"og:image:height\" content=\"768\" \/>\n\t<meta property=\"og:image:type\" content=\"image\/jpeg\" \/>\n<meta name=\"twitter:card\" content=\"summary_large_image\" \/>\n<meta name=\"twitter:label1\" content=\"Dur\u00e9e de lecture estim\u00e9e\" \/>\n\t<meta name=\"twitter:data1\" content=\"1 minute\" \/>\n<script type=\"application\/ld+json\" class=\"yoast-schema-graph\">{\"@context\":\"https:\/\/schema.org\",\"@graph\":[{\"@type\":\"WebPage\",\"@id\":\"https:\/\/futuragima.it\/fr\/creation-de-fosses-septiques-a-venise\/\",\"url\":\"https:\/\/futuragima.it\/fr\/creation-de-fosses-septiques-a-venise\/\",\"name\":\"Cr\u00e9ation de fosses septiques \u00e0 Venise - Futura Gima\",\"isPartOf\":{\"@id\":\"https:\/\/futuragima.it\/#website\"},\"datePublished\":\"2023-01-24T10:32:35+00:00\",\"dateModified\":\"2023-02-03T09:07:40+00:00\",\"description\":\"Si vous cherchez une entreprise de construction qui r\u00e9alise des fosses septiques \u00e0 Venise, contactez-nous et nous vous donnerons des informations sur les co\u00fbts, les d\u00e9lais et les autorisations pour les r\u00e9aliser.\",\"breadcrumb\":{\"@id\":\"https:\/\/futuragima.it\/fr\/creation-de-fosses-septiques-a-venise\/#breadcrumb\"},\"inLanguage\":\"fr-FR\",\"potentialAction\":[{\"@type\":\"ReadAction\",\"target\":[\"https:\/\/futuragima.it\/fr\/creation-de-fosses-septiques-a-venise\/\"]}]},{\"@type\":\"BreadcrumbList\",\"@id\":\"https:\/\/futuragima.it\/fr\/creation-de-fosses-septiques-a-venise\/#breadcrumb\",\"itemListElement\":[{\"@type\":\"ListItem\",\"position\":1,\"name\":\"Home\",\"item\":\"https:\/\/futuragima.it\/en\/\"},{\"@type\":\"ListItem\",\"position\":2,\"name\":\"Cr\u00e9ation de fosses septiques \u00e0 Venise\"}]},{\"@type\":\"WebSite\",\"@id\":\"https:\/\/futuragima.it\/#website\",\"url\":\"https:\/\/futuragima.it\/\",\"name\":\"Futura Gima ristrutturazioni immobiliari Venezia e Isole\",\"description\":\"Restauri a Venezia e nelle isole\",\"publisher\":{\"@id\":\"https:\/\/futuragima.it\/#organization\"},\"alternateName\":\"Ristrutturazioni a Venezia\",\"potentialAction\":[{\"@type\":\"SearchAction\",\"target\":{\"@type\":\"EntryPoint\",\"urlTemplate\":\"https:\/\/futuragima.it\/?s={search_term_string}\"},\"query-input\":\"required name=search_term_string\"}],\"inLanguage\":\"fr-FR\"},{\"@type\":\"Organization\",\"@id\":\"https:\/\/futuragima.it\/#organization\",\"name\":\"Futura Gima Impresa Edile\",\"alternateName\":\"Ristrutturazioni a Venezia\",\"url\":\"https:\/\/futuragima.it\/\",\"logo\":{\"@type\":\"ImageObject\",\"inLanguage\":\"fr-FR\",\"@id\":\"https:\/\/futuragima.it\/#\/schema\/logo\/image\/\",\"url\":\"https:\/\/futuragima.it\/wp-content\/uploads\/2022\/11\/FUTURA-versione-scura-300-px-01-01.png\",\"contentUrl\":\"https:\/\/futuragima.it\/wp-content\/uploads\/2022\/11\/FUTURA-versione-scura-300-px-01-01.png\",\"width\":301,\"height\":95,\"caption\":\"Futura Gima Impresa Edile\"},\"image\":{\"@id\":\"https:\/\/futuragima.it\/#\/schema\/logo\/image\/\"}}]}<\/script>\n<!-- \/ Yoast SEO plugin. -->","yoast_head_json":{"title":"Cr\u00e9ation de fosses septiques \u00e0 Venise - Futura Gima","description":"Si vous cherchez une entreprise de construction qui r\u00e9alise des fosses septiques \u00e0 Venise, contactez-nous et nous vous donnerons des informations sur les co\u00fbts, les d\u00e9lais et les autorisations pour les r\u00e9aliser.","robots":{"index":"index","follow":"follow","max-snippet":"max-snippet:-1","max-image-preview":"max-image-preview:large","max-video-preview":"max-video-preview:-1"},"canonical":"https:\/\/futuragima.it\/fr\/creation-de-fosses-septiques-a-venise\/","og_locale":"fr_FR","og_type":"article","og_title":"Cr\u00e9ation de fosses septiques \u00e0 Venise - Futura Gima","og_description":"Si vous cherchez une entreprise de construction qui r\u00e9alise des fosses septiques \u00e0 Venise, contactez-nous et nous vous donnerons des informations sur les co\u00fbts, les d\u00e9lais et les autorisations pour les r\u00e9aliser.","og_url":"https:\/\/futuragima.it\/fr\/creation-de-fosses-septiques-a-venise\/","og_site_name":"Futura Gima","article_modified_time":"2023-02-03T09:07:40+00:00","og_image":[{"width":1024,"height":768,"url":"https:\/\/futuragima.it\/wp-content\/uploads\/2022\/12\/5.jpg","type":"image\/jpeg"}],"twitter_card":"summary_large_image","twitter_misc":{"Dur\u00e9e de lecture estim\u00e9e":"1 minute"},"schema":{"@context":"https:\/\/schema.org","@graph":[{"@type":"WebPage","@id":"https:\/\/futuragima.it\/fr\/creation-de-fosses-septiques-a-venise\/","url":"https:\/\/futuragima.it\/fr\/creation-de-fosses-septiques-a-venise\/","name":"Cr\u00e9ation de fosses septiques \u00e0 Venise - Futura Gima","isPartOf":{"@id":"https:\/\/futuragima.it\/#website"},"datePublished":"2023-01-24T10:32:35+00:00","dateModified":"2023-02-03T09:07:40+00:00","description":"Si vous cherchez une entreprise de construction qui r\u00e9alise des fosses septiques \u00e0 Venise, contactez-nous et nous vous donnerons des informations sur les co\u00fbts, les d\u00e9lais et les autorisations pour les r\u00e9aliser.","breadcrumb":{"@id":"https:\/\/futuragima.it\/fr\/creation-de-fosses-septiques-a-venise\/#breadcrumb"},"inLanguage":"fr-FR","potentialAction":[{"@type":"ReadAction","target":["https:\/\/futuragima.it\/fr\/creation-de-fosses-septiques-a-venise\/"]}]},{"@type":"BreadcrumbList","@id":"https:\/\/futuragima.it\/fr\/creation-de-fosses-septiques-a-venise\/#breadcrumb","itemListElement":[{"@type":"ListItem","position":1,"name":"Home","item":"https:\/\/futuragima.it\/en\/"},{"@type":"ListItem","position":2,"name":"Cr\u00e9ation de fosses septiques \u00e0 Venise"}]},{"@type":"WebSite","@id":"https:\/\/futuragima.it\/#website","url":"https:\/\/futuragima.it\/","name":"Futura Gima ristrutturazioni immobiliari Venezia e Isole","description":"Restauri a Venezia e nelle isole","publisher":{"@id":"https:\/\/futuragima.it\/#organization"},"alternateName":"Ristrutturazioni a Venezia","potentialAction":[{"@type":"SearchAction","target":{"@type":"EntryPoint","urlTemplate":"https:\/\/futuragima.it\/?s={search_term_string}"},"query-input":"required name=search_term_string"}],"inLanguage":"fr-FR"},{"@type":"Organization","@id":"https:\/\/futuragima.it\/#organization","name":"Futura Gima Impresa Edile","alternateName":"Ristrutturazioni a Venezia","url":"https:\/\/futuragima.it\/","logo":{"@type":"ImageObject","inLanguage":"fr-FR","@id":"https:\/\/futuragima.it\/#\/schema\/logo\/image\/","url":"https:\/\/futuragima.it\/wp-content\/uploads\/2022\/11\/FUTURA-versione-scura-300-px-01-01.png","contentUrl":"https:\/\/futuragima.it\/wp-content\/uploads\/2022\/11\/FUTURA-versione-scura-300-px-01-01.png","width":301,"height":95,"caption":"Futura Gima Impresa Edile"},"image":{"@id":"https:\/\/futuragima.it\/#\/schema\/logo\/image\/"}}]}},"_links":{"self":[{"href":"https:\/\/futuragima.it\/fr\/wp-json\/wp\/v2\/pages\/1164"}],"collection":[{"href":"https:\/\/futuragima.it\/fr\/wp-json\/wp\/v2\/pages"}],"about":[{"href":"https:\/\/futuragima.it\/fr\/wp-json\/wp\/v2\/types\/page"}],"author":[{"embeddable":true,"href":"https:\/\/futuragima.it\/fr\/wp-json\/wp\/v2\/users\/7268"}],"replies":[{"embeddable":true,"href":"https:\/\/futuragima.it\/fr\/wp-json\/wp\/v2\/comments?post=1164"}],"version-history":[{"count":1,"href":"https:\/\/futuragima.it\/fr\/wp-json\/wp\/v2\/pages\/1164\/revisions"}],"predecessor-version":[{"id":1165,"href":"https:\/\/futuragima.it\/fr\/wp-json\/wp\/v2\/pages\/1164\/revisions\/1165"}],"wp:featuredmedia":[{"embeddable":true,"href":"https:\/\/futuragima.it\/fr\/wp-json\/wp\/v2\/media\/980"}],"wp:attachment":[{"href":"https:\/\/futuragima.it\/fr\/wp-json\/wp\/v2\/media?parent=1164"}],"curies":[{"name":"wp","href":"https:\/\/api.w.org\/{rel}","templated":true}]}}