{"id":1190,"date":"2022-12-21T09:25:22","date_gmt":"2022-12-21T09:25:22","guid":{"rendered":"https:\/\/futuragima.it\/privacy\/"},"modified":"2023-02-03T11:16:25","modified_gmt":"2023-02-03T11:16:25","slug":"privacy","status":"publish","type":"page","link":"https:\/\/futuragima.it\/fr\/privacy\/","title":{"rendered":"Privacy"},"content":{"rendered":"\t\t<div data-elementor-type=\"wp-page\" data-elementor-id=\"1190\" class=\"elementor elementor-1190 elementor-596\" data-elementor-post-type=\"page\">\n\t\t\t\t\t\t<section class=\"elementor-section elementor-top-section elementor-element elementor-element-45adba9 elementor-section-boxed elementor-section-height-default elementor-section-height-default\" data-id=\"45adba9\" data-element_type=\"section\">\n\t\t\t\t\t\t<div class=\"elementor-container elementor-column-gap-default\">\n\t\t\t\t\t<div class=\"elementor-column elementor-col-100 elementor-top-column elementor-element elementor-element-05ec0cc\" data-id=\"05ec0cc\" data-element_type=\"column\">\n\t\t\t<div class=\"elementor-widget-wrap elementor-element-populated\">\n\t\t\t\t\t\t<div class=\"elementor-element elementor-element-49c00b1 elementor-widget elementor-widget-text-editor\" data-id=\"49c00b1\" data-element_type=\"widget\" data-widget_type=\"text-editor.default\">\n\t\t\t\t<div class=\"elementor-widget-container\">\n\t\t\t\t\t\t\t\t\t<p><strong>Information art. 13 R\u00e8glement europ\u00e9en GDPR 679\/2016 pour le traitement des donn\u00e9es personnelles &#8211; rubrique contact.<strong><\/strong><\/strong><\/p>\n<p>Cher visiteur,<\/p>\n<p>Conform\u00e9ment \u00e0 l&rsquo;article 13 du R\u00e8glement europ\u00e9en GDPR 679\/2016, relatif \u00e0 la protection des personnes et autres sujets \u00e0 l&rsquo;\u00e9gard du traitement des donn\u00e9es \u00e0 caract\u00e8re personnel, le traitement des informations vous concernant sera effectu\u00e9 conform\u00e9ment aux principes d&rsquo;exactitude, de lic\u00e9it\u00e9 et de transparence, en prot\u00e9geant votre confidentialit\u00e9 et vos droits.<\/p>\n<p>Conform\u00e9ment \u00e0 ce qui pr\u00e9c\u00e8de, nous vous fournissons donc les informations suivantes.<\/p>\n<ol>\n<li>Les donn\u00e9es que vous fournissez seront trait\u00e9es aux fins suivantes\n<ol start=\"1\">\n<li>Demander des informations sur nos services (ou produits) et demander des devis.<\/li>\n<\/ol>\n<\/li>\n<li>Le traitement sera effectu\u00e9 \u00e0 la fois par ordinateur et manuellement par des personnes sp\u00e9cialement d\u00e9sign\u00e9es. Les donn\u00e9es seront conserv\u00e9es dans nos archives num\u00e9riques et informatiques, et en tout \u00e9tat de cause sur le territoire national.<\/li>\n<li>Dans le cadre du traitement d\u00e9crit ci-dessus, il est n\u00e9cessaire de conna\u00eetre et de conserver toutes les donn\u00e9es indispensables (champs obligatoires marqu\u00e9s d&rsquo;un ast\u00e9risque *). Tout refus de fournir ces donn\u00e9es entra\u00eene la non-ex\u00e9cution ou l&rsquo;ex\u00e9cution partielle de la demande.<\/li>\n<li>Les donn\u00e9es seront, si n\u00e9cessaire, divulgu\u00e9es aux soci\u00e9t\u00e9s de notre groupe, comme indiqu\u00e9 dans les politiques de confidentialit\u00e9 r\u00e9gissant ce site web.<\/li>\n<li>Les donn\u00e9es ne seront pas divulgu\u00e9es \u00e0 des tiers, sauf si la personne concern\u00e9e y consent express\u00e9ment.<\/li>\n<li>Les donn\u00e9es que vous fournissez seront trait\u00e9es et conserv\u00e9es jusqu&rsquo;\u00e0 l&rsquo;accomplissement de cette demande et des obligations l\u00e9gales, puis supprim\u00e9es ou converties sous forme anonyme, sauf demande contraire explicite de votre part, qui peut \u00eatre exerc\u00e9e en envoyant un courrier \u00e9lectronique \u00e0 info@futuragima.it.<\/li>\n<li>Le responsable du traitement des donn\u00e9es est : IMPRESA EDILE FUTURA GI.MA DI BORELLA MAURO<\/li>\n<li>Le contr\u00f4leur des donn\u00e9es est Mauro Borella<\/li>\n<li>Vous pouvez \u00e0 tout moment exercer vos droits vis-\u00e0-vis du responsable du traitement, conform\u00e9ment \u00e0 l&rsquo;article 15 du r\u00e8glement europ\u00e9en GDPR 679\/2016, que nous reproduisons int\u00e9gralement pour votre confort, en nous contactant aux coordonn\u00e9es indiqu\u00e9es dans le pr\u00e9sent avis, ou en envoyant un courriel \u00e0 info@futuragima.it.<\/li>\n<\/ol>\n<p><em><em>Droit<\/em> <em>d&rsquo;acc\u00e8s<\/em> <em>aux<\/em> <em>donn\u00e9es<\/em> <em>perso<\/em><em>nnelles<\/em> <em>et<\/em> <em>autres<\/em> <em>droits<\/em> <em>en<\/em> <em>vertu<\/em> <em>de<\/em> l&rsquo;art.<em><\/em><\/em><em>. 15  <\/em><em><em>du<\/em> <em>r\u00e8glement<\/em> <em>europ\u00e9en<\/em> GDPR679\/2016<em><\/em><\/em><\/p>\n<p>1. La personne concern\u00e9e a le droit d&rsquo;obtenir du responsable du traitement la confirmation que des donn\u00e9es \u00e0 caract\u00e8re personnel la concernant sont trait\u00e9es ou non et, dans l&rsquo;affirmative, d&rsquo;obtenir l&rsquo;acc\u00e8s aux donn\u00e9es \u00e0 caract\u00e8re personnel et aux informations suivantes :<\/p>\n<p>(a) les finalit\u00e9s du traitement ;<\/p>\n<p>(b) les cat\u00e9gories de donn\u00e9es \u00e0 caract\u00e8re personnel concern\u00e9es ;<\/p>\n<p>(c) les destinataires ou les cat\u00e9gories de destinataires auxquels les donn\u00e9es \u00e0 caract\u00e8re personnel ont \u00e9t\u00e9 ou seront communiqu\u00e9es, en particulier s&rsquo;il s&rsquo;agit de destinataires situ\u00e9s dans des pays tiers ou des organisations internationales ;<\/p>\n<p>(d) si possible, la dur\u00e9e pr\u00e9vue de conservation des donn\u00e9es \u00e0 caract\u00e8re personnel ou, si cela n&rsquo;est pas possible, les crit\u00e8res utilis\u00e9s pour d\u00e9terminer cette dur\u00e9e ;<\/p>\n<p>(e) l&rsquo;existence du droit de la personne concern\u00e9e de demander au responsable du traitement la rectification ou l&rsquo;effacement des donn\u00e9es \u00e0 caract\u00e8re personnel la concernant ou de s&rsquo;opposer au traitement des donn\u00e9es \u00e0 caract\u00e8re personnel la concernant ;<\/p>\n<p>(f) le droit de d\u00e9poser une plainte aupr\u00e8s d&rsquo;une autorit\u00e9 de contr\u00f4le ;<\/p>\n<p>(g) lorsque les donn\u00e9es ne sont pas collect\u00e9es aupr\u00e8s de la personne concern\u00e9e, toutes les informations disponibles sur leur origine ;<\/p>\n<p>(h) l&rsquo;existence d&rsquo;un processus d\u00e9cisionnel automatis\u00e9, y compris le profilage vis\u00e9 \u00e0 l&rsquo;article 22, paragraphes 1 et 4, et, au moins dans ce cas, des informations significatives sur la logique utilis\u00e9e, ainsi que l&rsquo;importance de ce traitement pour la personne concern\u00e9e et les cons\u00e9quences envisag\u00e9es.<\/p>\n<p>2. Lorsque des donn\u00e9es \u00e0 caract\u00e8re personnel sont transf\u00e9r\u00e9es \u00e0 un pays tiers ou \u00e0 une organisation internationale, la personne concern\u00e9e a le droit d&rsquo;\u00eatre inform\u00e9e de l&rsquo;existence de garanties appropri\u00e9es au sens de l&rsquo;article 46 relatives au transfert.<\/p>\n<p>3. Le responsable du traitement des donn\u00e9es fournit une copie des donn\u00e9es \u00e0 caract\u00e8re personnel trait\u00e9es. En cas de copies suppl\u00e9mentaires demand\u00e9es par la personne concern\u00e9e, le responsable du traitement des donn\u00e9es peut facturer des frais raisonnables bas\u00e9s sur les co\u00fbts administratifs. Si la personne concern\u00e9e fait la demande par voie \u00e9lectronique, et sauf indication contraire de la personne concern\u00e9e, les informations sont fournies dans un format \u00e9lectronique couramment utilis\u00e9.<\/p>\n<p>4. Le droit d&rsquo;obtenir une copie vis\u00e9 au paragraphe 3 ne doit pas porter atteinte aux droits et libert\u00e9s d&rsquo;autrui.<\/p>\n\t\t\t\t\t\t\t\t<\/div>\n\t\t\t\t<\/div>\n\t\t\t\t\t<\/div>\n\t\t<\/div>\n\t\t\t\t\t<\/div>\n\t\t<\/section>\n\t\t\t\t<\/div>\n\t\t","protected":false},"excerpt":{"rendered":"<p>Information art. 13 R\u00e8glement europ\u00e9en GDPR 679\/2016 pour le traitement des donn\u00e9es personnelles &#8211; rubrique contact. Cher visiteur, Conform\u00e9ment \u00e0 l&rsquo;article 13 du R\u00e8glement europ\u00e9en GDPR 679\/2016, relatif \u00e0 la protection des personnes et autres sujets \u00e0 l&rsquo;\u00e9gard du traitement des donn\u00e9es \u00e0 caract\u00e8re personnel, le traitement des informations vous concernant sera effectu\u00e9 conform\u00e9ment aux [&hellip;]<\/p>\n","protected":false},"author":7266,"featured_media":0,"parent":0,"menu_order":0,"comment_status":"closed","ping_status":"closed","template":"elementor_header_footer","meta":{"footnotes":""},"yoast_head":"<!-- This site is optimized with the Yoast SEO plugin v20.7 - https:\/\/yoast.com\/wordpress\/plugins\/seo\/ -->\n<title>Privacy - Futura Gima<\/title>\n<meta name=\"robots\" content=\"index, follow, max-snippet:-1, max-image-preview:large, max-video-preview:-1\" \/>\n<link rel=\"canonical\" href=\"https:\/\/futuragima.it\/fr\/privacy\/\" \/>\n<meta property=\"og:locale\" content=\"fr_FR\" \/>\n<meta property=\"og:type\" content=\"article\" \/>\n<meta property=\"og:title\" content=\"Privacy - Futura Gima\" \/>\n<meta property=\"og:description\" content=\"Information art. 13 R\u00e8glement europ\u00e9en GDPR 679\/2016 pour le traitement des donn\u00e9es personnelles &#8211; rubrique contact. Cher visiteur, Conform\u00e9ment \u00e0 l&rsquo;article 13 du R\u00e8glement europ\u00e9en GDPR 679\/2016, relatif \u00e0 la protection des personnes et autres sujets \u00e0 l&rsquo;\u00e9gard du traitement des donn\u00e9es \u00e0 caract\u00e8re personnel, le traitement des informations vous concernant sera effectu\u00e9 conform\u00e9ment aux [&hellip;]\" \/>\n<meta property=\"og:url\" content=\"https:\/\/futuragima.it\/fr\/privacy\/\" \/>\n<meta property=\"og:site_name\" content=\"Futura Gima\" \/>\n<meta property=\"article:modified_time\" content=\"2023-02-03T11:16:25+00:00\" \/>\n<meta name=\"twitter:card\" content=\"summary_large_image\" \/>\n<meta name=\"twitter:label1\" content=\"Dur\u00e9e de lecture estim\u00e9e\" \/>\n\t<meta name=\"twitter:data1\" content=\"4 minutes\" \/>\n<script type=\"application\/ld+json\" class=\"yoast-schema-graph\">{\"@context\":\"https:\/\/schema.org\",\"@graph\":[{\"@type\":\"WebPage\",\"@id\":\"https:\/\/futuragima.it\/fr\/privacy\/\",\"url\":\"https:\/\/futuragima.it\/fr\/privacy\/\",\"name\":\"Privacy - Futura Gima\",\"isPartOf\":{\"@id\":\"https:\/\/futuragima.it\/#website\"},\"datePublished\":\"2022-12-21T09:25:22+00:00\",\"dateModified\":\"2023-02-03T11:16:25+00:00\",\"breadcrumb\":{\"@id\":\"https:\/\/futuragima.it\/fr\/privacy\/#breadcrumb\"},\"inLanguage\":\"fr-FR\",\"potentialAction\":[{\"@type\":\"ReadAction\",\"target\":[\"https:\/\/futuragima.it\/fr\/privacy\/\"]}]},{\"@type\":\"BreadcrumbList\",\"@id\":\"https:\/\/futuragima.it\/fr\/privacy\/#breadcrumb\",\"itemListElement\":[{\"@type\":\"ListItem\",\"position\":1,\"name\":\"Home\",\"item\":\"https:\/\/futuragima.it\/en\/\"},{\"@type\":\"ListItem\",\"position\":2,\"name\":\"Privacy\"}]},{\"@type\":\"WebSite\",\"@id\":\"https:\/\/futuragima.it\/#website\",\"url\":\"https:\/\/futuragima.it\/\",\"name\":\"Futura Gima ristrutturazioni immobiliari Venezia e Isole\",\"description\":\"Restauri a Venezia e nelle isole\",\"publisher\":{\"@id\":\"https:\/\/futuragima.it\/#organization\"},\"alternateName\":\"Ristrutturazioni a Venezia\",\"potentialAction\":[{\"@type\":\"SearchAction\",\"target\":{\"@type\":\"EntryPoint\",\"urlTemplate\":\"https:\/\/futuragima.it\/?s={search_term_string}\"},\"query-input\":\"required name=search_term_string\"}],\"inLanguage\":\"fr-FR\"},{\"@type\":\"Organization\",\"@id\":\"https:\/\/futuragima.it\/#organization\",\"name\":\"Futura Gima Impresa Edile\",\"alternateName\":\"Ristrutturazioni a Venezia\",\"url\":\"https:\/\/futuragima.it\/\",\"logo\":{\"@type\":\"ImageObject\",\"inLanguage\":\"fr-FR\",\"@id\":\"https:\/\/futuragima.it\/#\/schema\/logo\/image\/\",\"url\":\"https:\/\/futuragima.it\/wp-content\/uploads\/2022\/11\/FUTURA-versione-scura-300-px-01-01.png\",\"contentUrl\":\"https:\/\/futuragima.it\/wp-content\/uploads\/2022\/11\/FUTURA-versione-scura-300-px-01-01.png\",\"width\":301,\"height\":95,\"caption\":\"Futura Gima Impresa Edile\"},\"image\":{\"@id\":\"https:\/\/futuragima.it\/#\/schema\/logo\/image\/\"}}]}<\/script>\n<!-- \/ Yoast SEO plugin. -->","yoast_head_json":{"title":"Privacy - Futura Gima","robots":{"index":"index","follow":"follow","max-snippet":"max-snippet:-1","max-image-preview":"max-image-preview:large","max-video-preview":"max-video-preview:-1"},"canonical":"https:\/\/futuragima.it\/fr\/privacy\/","og_locale":"fr_FR","og_type":"article","og_title":"Privacy - Futura Gima","og_description":"Information art. 13 R\u00e8glement europ\u00e9en GDPR 679\/2016 pour le traitement des donn\u00e9es personnelles &#8211; rubrique contact. Cher visiteur, Conform\u00e9ment \u00e0 l&rsquo;article 13 du R\u00e8glement europ\u00e9en GDPR 679\/2016, relatif \u00e0 la protection des personnes et autres sujets \u00e0 l&rsquo;\u00e9gard du traitement des donn\u00e9es \u00e0 caract\u00e8re personnel, le traitement des informations vous concernant sera effectu\u00e9 conform\u00e9ment aux [&hellip;]","og_url":"https:\/\/futuragima.it\/fr\/privacy\/","og_site_name":"Futura Gima","article_modified_time":"2023-02-03T11:16:25+00:00","twitter_card":"summary_large_image","twitter_misc":{"Dur\u00e9e de lecture estim\u00e9e":"4 minutes"},"schema":{"@context":"https:\/\/schema.org","@graph":[{"@type":"WebPage","@id":"https:\/\/futuragima.it\/fr\/privacy\/","url":"https:\/\/futuragima.it\/fr\/privacy\/","name":"Privacy - Futura Gima","isPartOf":{"@id":"https:\/\/futuragima.it\/#website"},"datePublished":"2022-12-21T09:25:22+00:00","dateModified":"2023-02-03T11:16:25+00:00","breadcrumb":{"@id":"https:\/\/futuragima.it\/fr\/privacy\/#breadcrumb"},"inLanguage":"fr-FR","potentialAction":[{"@type":"ReadAction","target":["https:\/\/futuragima.it\/fr\/privacy\/"]}]},{"@type":"BreadcrumbList","@id":"https:\/\/futuragima.it\/fr\/privacy\/#breadcrumb","itemListElement":[{"@type":"ListItem","position":1,"name":"Home","item":"https:\/\/futuragima.it\/en\/"},{"@type":"ListItem","position":2,"name":"Privacy"}]},{"@type":"WebSite","@id":"https:\/\/futuragima.it\/#website","url":"https:\/\/futuragima.it\/","name":"Futura Gima ristrutturazioni immobiliari Venezia e Isole","description":"Restauri a Venezia e nelle isole","publisher":{"@id":"https:\/\/futuragima.it\/#organization"},"alternateName":"Ristrutturazioni a Venezia","potentialAction":[{"@type":"SearchAction","target":{"@type":"EntryPoint","urlTemplate":"https:\/\/futuragima.it\/?s={search_term_string}"},"query-input":"required name=search_term_string"}],"inLanguage":"fr-FR"},{"@type":"Organization","@id":"https:\/\/futuragima.it\/#organization","name":"Futura Gima Impresa Edile","alternateName":"Ristrutturazioni a Venezia","url":"https:\/\/futuragima.it\/","logo":{"@type":"ImageObject","inLanguage":"fr-FR","@id":"https:\/\/futuragima.it\/#\/schema\/logo\/image\/","url":"https:\/\/futuragima.it\/wp-content\/uploads\/2022\/11\/FUTURA-versione-scura-300-px-01-01.png","contentUrl":"https:\/\/futuragima.it\/wp-content\/uploads\/2022\/11\/FUTURA-versione-scura-300-px-01-01.png","width":301,"height":95,"caption":"Futura Gima Impresa Edile"},"image":{"@id":"https:\/\/futuragima.it\/#\/schema\/logo\/image\/"}}]}},"_links":{"self":[{"href":"https:\/\/futuragima.it\/fr\/wp-json\/wp\/v2\/pages\/1190"}],"collection":[{"href":"https:\/\/futuragima.it\/fr\/wp-json\/wp\/v2\/pages"}],"about":[{"href":"https:\/\/futuragima.it\/fr\/wp-json\/wp\/v2\/types\/page"}],"author":[{"embeddable":true,"href":"https:\/\/futuragima.it\/fr\/wp-json\/wp\/v2\/users\/7266"}],"replies":[{"embeddable":true,"href":"https:\/\/futuragima.it\/fr\/wp-json\/wp\/v2\/comments?post=1190"}],"version-history":[{"count":3,"href":"https:\/\/futuragima.it\/fr\/wp-json\/wp\/v2\/pages\/1190\/revisions"}],"predecessor-version":[{"id":1193,"href":"https:\/\/futuragima.it\/fr\/wp-json\/wp\/v2\/pages\/1190\/revisions\/1193"}],"wp:attachment":[{"href":"https:\/\/futuragima.it\/fr\/wp-json\/wp\/v2\/media?parent=1190"}],"curies":[{"name":"wp","href":"https:\/\/api.w.org\/{rel}","templated":true}]}}