{"id":1211,"date":"2023-02-13T15:15:46","date_gmt":"2023-02-13T15:15:46","guid":{"rendered":"https:\/\/futuragima.it\/restauration-de-facades-et-de-toitures-a-venise\/"},"modified":"2023-02-13T15:32:08","modified_gmt":"2023-02-13T15:32:08","slug":"restauration-de-facades-et-de-toitures-a-venise","status":"publish","type":"page","link":"https:\/\/futuragima.it\/fr\/restauration-de-facades-et-de-toitures-a-venise\/","title":{"rendered":"Restauration de fa\u00e7ades et de toitures \u00e0 Venise"},"content":{"rendered":"\t\t<div data-elementor-type=\"wp-page\" data-elementor-id=\"1211\" class=\"elementor elementor-1211 elementor-1198\" data-elementor-post-type=\"page\">\n\t\t\t\t\t\t<section class=\"elementor-section elementor-top-section elementor-element elementor-element-e833888 elementor-section-boxed elementor-section-height-default elementor-section-height-default\" data-id=\"e833888\" data-element_type=\"section\">\n\t\t\t\t\t\t<div class=\"elementor-container elementor-column-gap-default\">\n\t\t\t\t\t<div class=\"elementor-column elementor-col-100 elementor-top-column elementor-element elementor-element-23b7f5b\" data-id=\"23b7f5b\" data-element_type=\"column\">\n\t\t\t<div class=\"elementor-widget-wrap elementor-element-populated\">\n\t\t\t\t\t\t<div class=\"elementor-element elementor-element-895f03d elementor-widget elementor-widget-text-editor\" data-id=\"895f03d\" data-element_type=\"widget\" data-widget_type=\"text-editor.default\">\n\t\t\t\t<div class=\"elementor-widget-container\">\n\t\t\t\t\t\t\t\t\t<p>Nous sommes une entreprise sp\u00e9cialis\u00e9e dans l&rsquo;entretien et la r\u00e9paration des fa\u00e7ades et des toitures de b\u00e2timents. Avec plus de 10 ans d&rsquo;exp\u00e9rience dans le secteur, nous sommes devenus un point de r\u00e9f\u00e9rence fiable pour nos clients de Venise et des environs.<\/p>\n<p>Nous proposons une large gamme de services pour les fa\u00e7ades et les toitures, notamment le nettoyage, la r\u00e9paration, le resurfa\u00e7age et la r\u00e9novation. Notre objectif est de fournir un service de haute qualit\u00e9, adapt\u00e9 aux besoins de nos clients.<\/p>\n<p>La disposition des fa\u00e7ades et des toits est tr\u00e8s importante pour pr\u00e9server l&rsquo;esth\u00e9tique et la s\u00e9curit\u00e9 des b\u00e2timents. Le nettoyage r\u00e9gulier et la r\u00e9paration des parties endommag\u00e9es sont essentiels pour pr\u00e9server la stabilit\u00e9 et la fonctionnalit\u00e9 des b\u00e2timents.<\/p>\n<p>Le nettoyage r\u00e9gulier et la r\u00e9paration des parties endommag\u00e9es sont essentiels pour pr\u00e9server la stabilit\u00e9 et la fonctionnalit\u00e9 des b\u00e2timents.<\/p>\n<p>Nous nous engageons \u00e0 fournir un excellent service \u00e0 un prix comp\u00e9titif. En outre, nous offrons une garantie sur les travaux effectu\u00e9s afin d&rsquo;assurer une satisfaction maximale du client.<\/p>\n<p>N&rsquo;h\u00e9sitez pas \u00e0 nous contacter pour obtenir de plus amples informations sur nos services ou pour demander un devis. Nous sommes \u00e0 votre disposition pour r\u00e9pondre \u00e0 toutes vos questions ou pour fixer un rendez-vous pour une inspection dans votre b\u00e2timent.<\/p>\n<p>Nous sommes convaincus que vous serez satisfaits de la qualit\u00e9 de notre service et de l&rsquo;attention que nous portons \u00e0 chaque client. Contactez-nous d\u00e8s aujourd&rsquo;hui pour programmer vos fa\u00e7ades et toitures \u00e0 Venise.<\/p>\n\t\t\t\t\t\t\t\t<\/div>\n\t\t\t\t<\/div>\n\t\t\t\t<div class=\"elementor-element elementor-element-814b3a3 elementor-align-center elementor-widget elementor-widget-button\" data-id=\"814b3a3\" data-element_type=\"widget\" data-widget_type=\"button.default\">\n\t\t\t\t<div class=\"elementor-widget-container\">\n\t\t\t\t\t\t\t\t\t<div class=\"elementor-button-wrapper\">\n\t\t\t\t\t<a class=\"elementor-button elementor-button-link elementor-size-sm\" href=\"https:\/\/futuragima.it\/contatti\/\">\n\t\t\t\t\t\t<span class=\"elementor-button-content-wrapper\">\n\t\t\t\t\t\t\t\t\t<span class=\"elementor-button-text\">CONTACTEZ-NOUS<\/span>\n\t\t\t\t\t<\/span>\n\t\t\t\t\t<\/a>\n\t\t\t\t<\/div>\n\t\t\t\t\t\t\t\t<\/div>\n\t\t\t\t<\/div>\n\t\t\t\t\t<\/div>\n\t\t<\/div>\n\t\t\t\t\t<\/div>\n\t\t<\/section>\n\t\t\t\t<section class=\"elementor-section elementor-top-section elementor-element elementor-element-46f3128 elementor-section-boxed elementor-section-height-default elementor-section-height-default\" data-id=\"46f3128\" data-element_type=\"section\">\n\t\t\t\t\t\t<div class=\"elementor-container elementor-column-gap-default\">\n\t\t\t\t\t<div class=\"elementor-column elementor-col-100 elementor-top-column elementor-element elementor-element-b3f2517\" data-id=\"b3f2517\" data-element_type=\"column\">\n\t\t\t<div class=\"elementor-widget-wrap elementor-element-populated\">\n\t\t\t\t\t\t<div class=\"elementor-element elementor-element-5994313 elementor-widget elementor-widget-gallery\" data-id=\"5994313\" data-element_type=\"widget\" data-settings=\"{&quot;lazyload&quot;:&quot;yes&quot;,&quot;gallery_layout&quot;:&quot;grid&quot;,&quot;columns&quot;:4,&quot;columns_tablet&quot;:2,&quot;columns_mobile&quot;:1,&quot;gap&quot;:{&quot;unit&quot;:&quot;px&quot;,&quot;size&quot;:10,&quot;sizes&quot;:[]},&quot;gap_tablet&quot;:{&quot;unit&quot;:&quot;px&quot;,&quot;size&quot;:10,&quot;sizes&quot;:[]},&quot;gap_mobile&quot;:{&quot;unit&quot;:&quot;px&quot;,&quot;size&quot;:10,&quot;sizes&quot;:[]},&quot;link_to&quot;:&quot;file&quot;,&quot;aspect_ratio&quot;:&quot;3:2&quot;,&quot;overlay_background&quot;:&quot;yes&quot;,&quot;content_hover_animation&quot;:&quot;fade-in&quot;}\" data-widget_type=\"gallery.default\">\n\t\t\t\t<div class=\"elementor-widget-container\">\n\t\t\t\t\t\t\t<div class=\"elementor-gallery__container\">\n\t\t\t\t\t\t\t<a class=\"e-gallery-item elementor-gallery-item elementor-animated-content\" href=\"https:\/\/futuragima.it\/wp-content\/uploads\/2022\/12\/IMG20220713131312.jpg\" data-elementor-open-lightbox=\"yes\" data-elementor-lightbox-slideshow=\"5994313\" data-elementor-lightbox-title=\"restauro facciate a Venezia\" data-e-action-hash=\"#elementor-action%3Aaction%3Dlightbox%26settings%3DeyJpZCI6NDk5LCJ1cmwiOiJodHRwczpcL1wvZnV0dXJhZ2ltYS5pdFwvd3AtY29udGVudFwvdXBsb2Fkc1wvMjAyMlwvMTJcL0lNRzIwMjIwNzEzMTMxMzEyLmpwZyIsInNsaWRlc2hvdyI6IjU5OTQzMTMifQ%3D%3D\">\n\t\t\t\t\t<div class=\"e-gallery-image elementor-gallery-item__image\" data-thumbnail=\"https:\/\/futuragima.it\/wp-content\/uploads\/2022\/12\/IMG20220713131312-300x225.jpg\" data-width=\"300\" data-height=\"225\" aria-label=\"restauro facciate a Venezia\" role=\"img\" ><\/div>\n\t\t\t\t\t\t\t\t\t\t\t<div class=\"elementor-gallery-item__overlay\"><\/div>\n\t\t\t\t\t\t\t\t\t\t\t\t\t\t<\/a>\n\t\t\t\t\t\t\t<a class=\"e-gallery-item elementor-gallery-item elementor-animated-content\" href=\"https:\/\/futuragima.it\/wp-content\/uploads\/2022\/12\/IMG20220413145639.jpg\" data-elementor-open-lightbox=\"yes\" data-elementor-lightbox-slideshow=\"5994313\" data-elementor-lightbox-title=\"restauro facciate a Venezia\" data-e-action-hash=\"#elementor-action%3Aaction%3Dlightbox%26settings%3DeyJpZCI6NDk3LCJ1cmwiOiJodHRwczpcL1wvZnV0dXJhZ2ltYS5pdFwvd3AtY29udGVudFwvdXBsb2Fkc1wvMjAyMlwvMTJcL0lNRzIwMjIwNDEzMTQ1NjM5LmpwZyIsInNsaWRlc2hvdyI6IjU5OTQzMTMifQ%3D%3D\">\n\t\t\t\t\t<div class=\"e-gallery-image elementor-gallery-item__image\" data-thumbnail=\"https:\/\/futuragima.it\/wp-content\/uploads\/2022\/12\/IMG20220413145639-225x300.jpg\" data-width=\"225\" data-height=\"300\" aria-label=\"restauro facciate a Venezia\" role=\"img\" ><\/div>\n\t\t\t\t\t\t\t\t\t\t\t<div class=\"elementor-gallery-item__overlay\"><\/div>\n\t\t\t\t\t\t\t\t\t\t\t\t\t\t<\/a>\n\t\t\t\t\t\t\t<a class=\"e-gallery-item elementor-gallery-item elementor-animated-content\" href=\"https:\/\/futuragima.it\/wp-content\/uploads\/2022\/12\/IMG20211117111556.jpg\" data-elementor-open-lightbox=\"yes\" data-elementor-lightbox-slideshow=\"5994313\" data-elementor-lightbox-title=\"Restauro tetti a Venezia\" data-e-action-hash=\"#elementor-action%3Aaction%3Dlightbox%26settings%3DeyJpZCI6NDk1LCJ1cmwiOiJodHRwczpcL1wvZnV0dXJhZ2ltYS5pdFwvd3AtY29udGVudFwvdXBsb2Fkc1wvMjAyMlwvMTJcL0lNRzIwMjExMTE3MTExNTU2LmpwZyIsInNsaWRlc2hvdyI6IjU5OTQzMTMifQ%3D%3D\">\n\t\t\t\t\t<div class=\"e-gallery-image elementor-gallery-item__image\" data-thumbnail=\"https:\/\/futuragima.it\/wp-content\/uploads\/2022\/12\/IMG20211117111556-225x300.jpg\" data-width=\"225\" data-height=\"300\" aria-label=\"Restauro tetti a Venezia\" role=\"img\" ><\/div>\n\t\t\t\t\t\t\t\t\t\t\t<div class=\"elementor-gallery-item__overlay\"><\/div>\n\t\t\t\t\t\t\t\t\t\t\t\t\t\t<\/a>\n\t\t\t\t\t\t\t<a class=\"e-gallery-item elementor-gallery-item elementor-animated-content\" href=\"https:\/\/futuragima.it\/wp-content\/uploads\/2022\/12\/IMG20211027084959.jpg\" data-elementor-open-lightbox=\"yes\" data-elementor-lightbox-slideshow=\"5994313\" data-elementor-lightbox-title=\"Restauro facciate a Venezia\" data-e-action-hash=\"#elementor-action%3Aaction%3Dlightbox%26settings%3DeyJpZCI6NDkzLCJ1cmwiOiJodHRwczpcL1wvZnV0dXJhZ2ltYS5pdFwvd3AtY29udGVudFwvdXBsb2Fkc1wvMjAyMlwvMTJcL0lNRzIwMjExMDI3MDg0OTU5LmpwZyIsInNsaWRlc2hvdyI6IjU5OTQzMTMifQ%3D%3D\">\n\t\t\t\t\t<div class=\"e-gallery-image elementor-gallery-item__image\" data-thumbnail=\"https:\/\/futuragima.it\/wp-content\/uploads\/2022\/12\/IMG20211027084959-300x225.jpg\" data-width=\"300\" data-height=\"225\" aria-label=\"Restauro facciate a Venezia\" role=\"img\" ><\/div>\n\t\t\t\t\t\t\t\t\t\t\t<div class=\"elementor-gallery-item__overlay\"><\/div>\n\t\t\t\t\t\t\t\t\t\t\t\t\t\t<\/a>\n\t\t\t\t\t\t\t<a class=\"e-gallery-item elementor-gallery-item elementor-animated-content\" href=\"https:\/\/futuragima.it\/wp-content\/uploads\/2022\/12\/IMG_0718.jpg\" data-elementor-open-lightbox=\"yes\" data-elementor-lightbox-slideshow=\"5994313\" data-elementor-lightbox-title=\"Restauro facciate a Venezia\" data-e-action-hash=\"#elementor-action%3Aaction%3Dlightbox%26settings%3DeyJpZCI6NDkxLCJ1cmwiOiJodHRwczpcL1wvZnV0dXJhZ2ltYS5pdFwvd3AtY29udGVudFwvdXBsb2Fkc1wvMjAyMlwvMTJcL0lNR18wNzE4LmpwZyIsInNsaWRlc2hvdyI6IjU5OTQzMTMifQ%3D%3D\">\n\t\t\t\t\t<div class=\"e-gallery-image elementor-gallery-item__image\" data-thumbnail=\"https:\/\/futuragima.it\/wp-content\/uploads\/2022\/12\/IMG_0718-225x300.jpg\" data-width=\"225\" data-height=\"300\" aria-label=\"Restauro edifici a Venezia\" role=\"img\" ><\/div>\n\t\t\t\t\t\t\t\t\t\t\t<div class=\"elementor-gallery-item__overlay\"><\/div>\n\t\t\t\t\t\t\t\t\t\t\t\t\t\t<\/a>\n\t\t\t\t\t\t\t<a class=\"e-gallery-item elementor-gallery-item elementor-animated-content\" href=\"https:\/\/futuragima.it\/wp-content\/uploads\/2022\/12\/IMG_0719.jpg\" data-elementor-open-lightbox=\"yes\" data-elementor-lightbox-slideshow=\"5994313\" data-elementor-lightbox-title=\"Restauro facciate a Venezia\" data-e-action-hash=\"#elementor-action%3Aaction%3Dlightbox%26settings%3DeyJpZCI6NDg5LCJ1cmwiOiJodHRwczpcL1wvZnV0dXJhZ2ltYS5pdFwvd3AtY29udGVudFwvdXBsb2Fkc1wvMjAyMlwvMTJcL0lNR18wNzE5LmpwZyIsInNsaWRlc2hvdyI6IjU5OTQzMTMifQ%3D%3D\">\n\t\t\t\t\t<div class=\"e-gallery-image elementor-gallery-item__image\" data-thumbnail=\"https:\/\/futuragima.it\/wp-content\/uploads\/2022\/12\/IMG_0719-225x300.jpg\" data-width=\"225\" data-height=\"300\" aria-label=\"Restauro facciate a Venezia\" role=\"img\" ><\/div>\n\t\t\t\t\t\t\t\t\t\t\t<div class=\"elementor-gallery-item__overlay\"><\/div>\n\t\t\t\t\t\t\t\t\t\t\t\t\t\t<\/a>\n\t\t\t\t\t\t\t<a class=\"e-gallery-item elementor-gallery-item elementor-animated-content\" href=\"https:\/\/futuragima.it\/wp-content\/uploads\/2022\/12\/IMG20210920110704.jpg\" data-elementor-open-lightbox=\"yes\" data-elementor-lightbox-slideshow=\"5994313\" data-elementor-lightbox-title=\"Restauro facciate a Venezia\" data-e-action-hash=\"#elementor-action%3Aaction%3Dlightbox%26settings%3DeyJpZCI6NDg3LCJ1cmwiOiJodHRwczpcL1wvZnV0dXJhZ2ltYS5pdFwvd3AtY29udGVudFwvdXBsb2Fkc1wvMjAyMlwvMTJcL0lNRzIwMjEwOTIwMTEwNzA0LmpwZyIsInNsaWRlc2hvdyI6IjU5OTQzMTMifQ%3D%3D\">\n\t\t\t\t\t<div class=\"e-gallery-image elementor-gallery-item__image\" data-thumbnail=\"https:\/\/futuragima.it\/wp-content\/uploads\/2022\/12\/IMG20210920110704-300x225.jpg\" data-width=\"300\" data-height=\"225\" aria-label=\"Restauro facciate a Venezia\" role=\"img\" ><\/div>\n\t\t\t\t\t\t\t\t\t\t\t<div class=\"elementor-gallery-item__overlay\"><\/div>\n\t\t\t\t\t\t\t\t\t\t\t\t\t\t<\/a>\n\t\t\t\t\t<\/div>\n\t\t\t\t\t<\/div>\n\t\t\t\t<\/div>\n\t\t\t\t\t<\/div>\n\t\t<\/div>\n\t\t\t\t\t<\/div>\n\t\t<\/section>\n\t\t\t\t<\/div>\n\t\t","protected":false},"excerpt":{"rendered":"<p>Nous sommes une entreprise sp\u00e9cialis\u00e9e dans l&rsquo;entretien et la r\u00e9paration des fa\u00e7ades et des toitures de b\u00e2timents. Avec plus de 10 ans d&rsquo;exp\u00e9rience dans le secteur, nous sommes devenus un point de r\u00e9f\u00e9rence fiable pour nos clients de Venise et des environs. Nous proposons une large gamme de services pour les fa\u00e7ades et les toitures, [&hellip;]<\/p>\n","protected":false},"author":7268,"featured_media":0,"parent":0,"menu_order":0,"comment_status":"closed","ping_status":"closed","template":"elementor_theme","meta":{"footnotes":""},"yoast_head":"<!-- This site is optimized with the Yoast SEO plugin v20.7 - https:\/\/yoast.com\/wordpress\/plugins\/seo\/ -->\n<title>Restauration de fa\u00e7ades et de toitures \u00e0 Venise - Futura Gima<\/title>\n<meta name=\"description\" content=\"Nous sommes une entreprise sp\u00e9cialis\u00e9e dans l&#039;entretien et la r\u00e9paration des fa\u00e7ades et des toitures des b\u00e2timents du centre historique et des \u00eeles de Venise.\" \/>\n<meta name=\"robots\" content=\"index, follow, max-snippet:-1, max-image-preview:large, max-video-preview:-1\" \/>\n<link rel=\"canonical\" href=\"https:\/\/futuragima.it\/fr\/restauration-de-facades-et-de-toitures-a-venise\/\" \/>\n<meta property=\"og:locale\" content=\"fr_FR\" \/>\n<meta property=\"og:type\" content=\"article\" \/>\n<meta property=\"og:title\" content=\"Restauration de fa\u00e7ades et de toitures \u00e0 Venise - Futura Gima\" \/>\n<meta property=\"og:description\" content=\"Nous sommes une entreprise sp\u00e9cialis\u00e9e dans l&#039;entretien et la r\u00e9paration des fa\u00e7ades et des toitures des b\u00e2timents du centre historique et des \u00eeles de Venise.\" \/>\n<meta property=\"og:url\" content=\"https:\/\/futuragima.it\/fr\/restauration-de-facades-et-de-toitures-a-venise\/\" \/>\n<meta property=\"og:site_name\" content=\"Futura Gima\" \/>\n<meta property=\"article:modified_time\" content=\"2023-02-13T15:32:08+00:00\" \/>\n<meta name=\"twitter:card\" content=\"summary_large_image\" \/>\n<meta name=\"twitter:label1\" content=\"Dur\u00e9e de lecture estim\u00e9e\" \/>\n\t<meta name=\"twitter:data1\" content=\"1 minute\" \/>\n<script type=\"application\/ld+json\" class=\"yoast-schema-graph\">{\"@context\":\"https:\/\/schema.org\",\"@graph\":[{\"@type\":\"WebPage\",\"@id\":\"https:\/\/futuragima.it\/fr\/restauration-de-facades-et-de-toitures-a-venise\/\",\"url\":\"https:\/\/futuragima.it\/fr\/restauration-de-facades-et-de-toitures-a-venise\/\",\"name\":\"Restauration de fa\u00e7ades et de toitures \u00e0 Venise - Futura Gima\",\"isPartOf\":{\"@id\":\"https:\/\/futuragima.it\/#website\"},\"datePublished\":\"2023-02-13T15:15:46+00:00\",\"dateModified\":\"2023-02-13T15:32:08+00:00\",\"description\":\"Nous sommes une entreprise sp\u00e9cialis\u00e9e dans l'entretien et la r\u00e9paration des fa\u00e7ades et des toitures des b\u00e2timents du centre historique et des \u00eeles de Venise.\",\"breadcrumb\":{\"@id\":\"https:\/\/futuragima.it\/fr\/restauration-de-facades-et-de-toitures-a-venise\/#breadcrumb\"},\"inLanguage\":\"fr-FR\",\"potentialAction\":[{\"@type\":\"ReadAction\",\"target\":[\"https:\/\/futuragima.it\/fr\/restauration-de-facades-et-de-toitures-a-venise\/\"]}]},{\"@type\":\"BreadcrumbList\",\"@id\":\"https:\/\/futuragima.it\/fr\/restauration-de-facades-et-de-toitures-a-venise\/#breadcrumb\",\"itemListElement\":[{\"@type\":\"ListItem\",\"position\":1,\"name\":\"Home\",\"item\":\"https:\/\/futuragima.it\/en\/\"},{\"@type\":\"ListItem\",\"position\":2,\"name\":\"Restauration de fa\u00e7ades et de toitures \u00e0 Venise\"}]},{\"@type\":\"WebSite\",\"@id\":\"https:\/\/futuragima.it\/#website\",\"url\":\"https:\/\/futuragima.it\/\",\"name\":\"Futura Gima ristrutturazioni immobiliari Venezia e Isole\",\"description\":\"Restauri a Venezia e nelle isole\",\"publisher\":{\"@id\":\"https:\/\/futuragima.it\/#organization\"},\"alternateName\":\"Ristrutturazioni a Venezia\",\"potentialAction\":[{\"@type\":\"SearchAction\",\"target\":{\"@type\":\"EntryPoint\",\"urlTemplate\":\"https:\/\/futuragima.it\/?s={search_term_string}\"},\"query-input\":\"required name=search_term_string\"}],\"inLanguage\":\"fr-FR\"},{\"@type\":\"Organization\",\"@id\":\"https:\/\/futuragima.it\/#organization\",\"name\":\"Futura Gima Impresa Edile\",\"alternateName\":\"Ristrutturazioni a Venezia\",\"url\":\"https:\/\/futuragima.it\/\",\"logo\":{\"@type\":\"ImageObject\",\"inLanguage\":\"fr-FR\",\"@id\":\"https:\/\/futuragima.it\/#\/schema\/logo\/image\/\",\"url\":\"https:\/\/futuragima.it\/wp-content\/uploads\/2022\/11\/FUTURA-versione-scura-300-px-01-01.png\",\"contentUrl\":\"https:\/\/futuragima.it\/wp-content\/uploads\/2022\/11\/FUTURA-versione-scura-300-px-01-01.png\",\"width\":301,\"height\":95,\"caption\":\"Futura Gima Impresa Edile\"},\"image\":{\"@id\":\"https:\/\/futuragima.it\/#\/schema\/logo\/image\/\"}}]}<\/script>\n<!-- \/ Yoast SEO plugin. -->","yoast_head_json":{"title":"Restauration de fa\u00e7ades et de toitures \u00e0 Venise - Futura Gima","description":"Nous sommes une entreprise sp\u00e9cialis\u00e9e dans l'entretien et la r\u00e9paration des fa\u00e7ades et des toitures des b\u00e2timents du centre historique et des \u00eeles de Venise.","robots":{"index":"index","follow":"follow","max-snippet":"max-snippet:-1","max-image-preview":"max-image-preview:large","max-video-preview":"max-video-preview:-1"},"canonical":"https:\/\/futuragima.it\/fr\/restauration-de-facades-et-de-toitures-a-venise\/","og_locale":"fr_FR","og_type":"article","og_title":"Restauration de fa\u00e7ades et de toitures \u00e0 Venise - Futura Gima","og_description":"Nous sommes une entreprise sp\u00e9cialis\u00e9e dans l'entretien et la r\u00e9paration des fa\u00e7ades et des toitures des b\u00e2timents du centre historique et des \u00eeles de Venise.","og_url":"https:\/\/futuragima.it\/fr\/restauration-de-facades-et-de-toitures-a-venise\/","og_site_name":"Futura Gima","article_modified_time":"2023-02-13T15:32:08+00:00","twitter_card":"summary_large_image","twitter_misc":{"Dur\u00e9e de lecture estim\u00e9e":"1 minute"},"schema":{"@context":"https:\/\/schema.org","@graph":[{"@type":"WebPage","@id":"https:\/\/futuragima.it\/fr\/restauration-de-facades-et-de-toitures-a-venise\/","url":"https:\/\/futuragima.it\/fr\/restauration-de-facades-et-de-toitures-a-venise\/","name":"Restauration de fa\u00e7ades et de toitures \u00e0 Venise - Futura Gima","isPartOf":{"@id":"https:\/\/futuragima.it\/#website"},"datePublished":"2023-02-13T15:15:46+00:00","dateModified":"2023-02-13T15:32:08+00:00","description":"Nous sommes une entreprise sp\u00e9cialis\u00e9e dans l'entretien et la r\u00e9paration des fa\u00e7ades et des toitures des b\u00e2timents du centre historique et des \u00eeles de Venise.","breadcrumb":{"@id":"https:\/\/futuragima.it\/fr\/restauration-de-facades-et-de-toitures-a-venise\/#breadcrumb"},"inLanguage":"fr-FR","potentialAction":[{"@type":"ReadAction","target":["https:\/\/futuragima.it\/fr\/restauration-de-facades-et-de-toitures-a-venise\/"]}]},{"@type":"BreadcrumbList","@id":"https:\/\/futuragima.it\/fr\/restauration-de-facades-et-de-toitures-a-venise\/#breadcrumb","itemListElement":[{"@type":"ListItem","position":1,"name":"Home","item":"https:\/\/futuragima.it\/en\/"},{"@type":"ListItem","position":2,"name":"Restauration de fa\u00e7ades et de toitures \u00e0 Venise"}]},{"@type":"WebSite","@id":"https:\/\/futuragima.it\/#website","url":"https:\/\/futuragima.it\/","name":"Futura Gima ristrutturazioni immobiliari Venezia e Isole","description":"Restauri a Venezia e nelle isole","publisher":{"@id":"https:\/\/futuragima.it\/#organization"},"alternateName":"Ristrutturazioni a Venezia","potentialAction":[{"@type":"SearchAction","target":{"@type":"EntryPoint","urlTemplate":"https:\/\/futuragima.it\/?s={search_term_string}"},"query-input":"required name=search_term_string"}],"inLanguage":"fr-FR"},{"@type":"Organization","@id":"https:\/\/futuragima.it\/#organization","name":"Futura Gima Impresa Edile","alternateName":"Ristrutturazioni a Venezia","url":"https:\/\/futuragima.it\/","logo":{"@type":"ImageObject","inLanguage":"fr-FR","@id":"https:\/\/futuragima.it\/#\/schema\/logo\/image\/","url":"https:\/\/futuragima.it\/wp-content\/uploads\/2022\/11\/FUTURA-versione-scura-300-px-01-01.png","contentUrl":"https:\/\/futuragima.it\/wp-content\/uploads\/2022\/11\/FUTURA-versione-scura-300-px-01-01.png","width":301,"height":95,"caption":"Futura Gima Impresa Edile"},"image":{"@id":"https:\/\/futuragima.it\/#\/schema\/logo\/image\/"}}]}},"_links":{"self":[{"href":"https:\/\/futuragima.it\/fr\/wp-json\/wp\/v2\/pages\/1211"}],"collection":[{"href":"https:\/\/futuragima.it\/fr\/wp-json\/wp\/v2\/pages"}],"about":[{"href":"https:\/\/futuragima.it\/fr\/wp-json\/wp\/v2\/types\/page"}],"author":[{"embeddable":true,"href":"https:\/\/futuragima.it\/fr\/wp-json\/wp\/v2\/users\/7268"}],"replies":[{"embeddable":true,"href":"https:\/\/futuragima.it\/fr\/wp-json\/wp\/v2\/comments?post=1211"}],"version-history":[{"count":1,"href":"https:\/\/futuragima.it\/fr\/wp-json\/wp\/v2\/pages\/1211\/revisions"}],"predecessor-version":[{"id":1212,"href":"https:\/\/futuragima.it\/fr\/wp-json\/wp\/v2\/pages\/1211\/revisions\/1212"}],"wp:attachment":[{"href":"https:\/\/futuragima.it\/fr\/wp-json\/wp\/v2\/media?parent=1211"}],"curies":[{"name":"wp","href":"https:\/\/api.w.org\/{rel}","templated":true}]}}